{"id":1106,"date":"2020-07-07T11:02:30","date_gmt":"2020-07-07T16:02:30","guid":{"rendered":"https:\/\/cidti40.com\/?page_id=1106"},"modified":"2020-12-04T10:25:15","modified_gmt":"2020-12-04T15:25:15","slug":"unidad-de-laboratorios","status":"publish","type":"page","link":"https:\/\/cidti.com.co\/cidti40\/unidad-de-laboratorios\/","title":{"rendered":"Unidad de Laboratorios"},"content":{"rendered":"<div class=\"wpb-content-wrapper\"><p>[vc_row css_animation=&#8221;bounceIn&#8221; css=&#8221;.vc_custom_1590198353098{margin-top: 5rem !important;}&#8221;][vc_column][vc_custom_heading text=&#8221;Unidad de Laboratorios&#8221; font_container=&#8221;tag:h1|text_align:center|color:%2333cccc&#8221; google_fonts=&#8221;font_family:Roboto%20Condensed%3A300%2C300italic%2Cregular%2Citalic%2C700%2C700italic|font_style:700%20bold%20regular%3A700%3Anormal&#8221; css_animation=&#8221;bounceIn&#8221;][vc_single_image image=&#8221;1329&#8243; img_size=&#8221;full&#8221; alignment=&#8221;center&#8221; css_animation=&#8221;bounceIn&#8221; css=&#8221;.vc_custom_1594417412382{margin-top: 25px !important;margin-bottom: 25px !important;}&#8221;][\/vc_column][\/vc_row][vc_row css_animation=&#8221;fadeIn&#8221; css=&#8221;.vc_custom_1590198301109{margin-top: 4px !important;}&#8221;][vc_column css_animation=&#8221;none&#8221;][vc_custom_heading text=&#8221;La Unidad de Laboratorios est\u00e1 encargada de la administraci\u00f3n, mantenimiento, gesti\u00f3n de dotaci\u00f3n de los Laboratorios de Ciberseguridad; Inteligencia Artificial y Big Data; Simulaci\u00f3n, Realidad Virtual y Realidad Aumentada; IoT, Servicios de Prototipado y 3D.<br \/>\nOfrecemos servicio de asesor\u00edas y consultor\u00edas empresariales, investigaci\u00f3n aplicada y demostraciones requeridas por los clientes, aliados y acompa\u00f1amos los eventos de divulgaci\u00f3n y formaci\u00f3n del Cidti 4.0 con demostraciones especializadas.&#8221; font_container=&#8221;tag:div|text_align:justify&#8221; google_fonts=&#8221;font_family:Roboto%20Condensed%3A300%2C300italic%2Cregular%2Citalic%2C700%2C700italic|font_style:400%20regular%3A400%3Anormal&#8221; css_animation=&#8221;bounceIn&#8221;][\/vc_column][\/vc_row][vc_row css_animation=&#8221;fadeInUp&#8221; css=&#8221;.vc_custom_1590198203087{margin-top: 5px !important;}&#8221;][vc_column width=&#8221;1\/2&#8243; css=&#8221;.vc_custom_1590005288418{margin-top: 10px !important;margin-bottom: 35px !important;}&#8221;][vc_single_image image=&#8221;1331&#8243; img_size=&#8221;full&#8221; alignment=&#8221;center&#8221; css_animation=&#8221;bounceIn&#8221; css=&#8221;.vc_custom_1594417442126{margin-top: 25px !important;margin-bottom: 25px !important;}&#8221;][vc_custom_heading text=&#8221;<b>+<\/b> Coordinador Unidad Laboratorios<\/br><\/p>\n<p><b>+<\/b> Dos Expertos especializados en laboratorios<\/br><\/p>\n<p><b>+<\/b> L\u00edder Laboratorio Simulaci\u00f3n y Realidad Aumentada<\/br><\/p>\n<p><b>+<\/b> L\u00edder Laboratorio Inteligencia Artificial y Big data<\/br><\/p>\n<p><b>+<\/b> L\u00edder Laboratorio de Ciberseguridad<\/br><\/p>\n<p><b>+<\/b> L\u00edder Laboratorio de IoT, Servicios de Prototipado y 3D&#8221; font_container=&#8221;tag:h4|text_align:justify|color:%2333cccc&#8221; google_fonts=&#8221;font_family:Roboto%20Condensed%3A300%2C300italic%2Cregular%2Citalic%2C700%2C700italic|font_style:700%20bold%20regular%3A700%3Anormal&#8221; css_animation=&#8221;bounceIn&#8221; css=&#8221;.vc_custom_1607095414311{margin-top: 35px !important;}&#8221;][\/vc_column][vc_column css_animation=&#8221;none&#8221; width=&#8221;1\/2&#8243;][vc_custom_heading text=&#8221;La unidad realizar an\u00e1lisis de los requerimientos internos y externos que implementen las empresas de las subregiones y estos resultados se articular\u00e1n con los Laboratorios, para el desarrollo de productos tecnol\u00f3gicos que incorporen las tecnolog\u00edas de la Industria 4.0 y la transformaci\u00f3n digital, permitiendo espacios para experimentar y realizar pruebas reales que optimicen los procesos productivos, aumenten la seguridad de las redes empresariales y ofrecer un lugar para colaborar con las soluciones empresariales de IoT espec\u00edficas para cubrir las necesidades de la manera m\u00e1s eficiente.&#8221; font_container=&#8221;tag:div|text_align:justify&#8221; google_fonts=&#8221;font_family:Roboto%20Condensed%3A300%2C300italic%2Cregular%2Citalic%2C700%2C700italic|font_style:400%20regular%3A400%3Anormal&#8221; css_animation=&#8221;bounceIn&#8221;][vc_custom_heading text=&#8221;En la unidad de laboratorios se coordinar\u00e1 la formulaci\u00f3n de proyectos de investigaci\u00f3n y desarrollo experimental, de tendencias y prospectiva tecnol\u00f3gica en tecnolog\u00edas emergentes y las l\u00edneas de investigaci\u00f3n definidas por el Cidti 4.0, para generar informes t\u00e9cnicos peri\u00f3dicos del estado del arte de las nuevas tecnolog\u00edas y documentos cient\u00edficos, con lo cuales se promover\u00e1 la implementaci\u00f3n, uso y apropiaci\u00f3n de las nuevas tecnolog\u00edas en las empresas del sector industrial tradicional.&#8221; font_container=&#8221;tag:div|text_align:justify&#8221; google_fonts=&#8221;font_family:Roboto%20Condensed%3A300%2C300italic%2Cregular%2Citalic%2C700%2C700italic|font_style:400%20regular%3A400%3Anormal&#8221; css_animation=&#8221;bounceIn&#8221; css=&#8221;.vc_custom_1594222118979{margin-top: 30px !important;}&#8221;][vc_custom_heading text=&#8221;A trav\u00e9s de las demostraciones se pretende fomentar el uso de nuevas tecnolog\u00edas en la industria tradicional, en la que los usuarios pueden ver de manera directa los usos, beneficios y oportunidades que brinda la implementaci\u00f3n de nuevas tecnolog\u00edas en los procesos productivos, de aprendizaje y\/o evaluaci\u00f3n de riesgos&#8221; font_container=&#8221;tag:div|text_align:justify&#8221; google_fonts=&#8221;font_family:Roboto%20Condensed%3A300%2C300italic%2Cregular%2Citalic%2C700%2C700italic|font_style:400%20regular%3A400%3Anormal&#8221; css_animation=&#8221;bounceIn&#8221; css=&#8221;.vc_custom_1594484084117{margin-top: 30px !important;}&#8221;][\/vc_column][\/vc_row]<\/p>\n<\/div>","protected":false},"excerpt":{"rendered":"<p>[vc_row css_animation=&#8221;bounceIn&#8221; css=&#8221;.vc_custom_1590198353098{margin-top: 5rem !important;}&#8221;][vc_column][vc_custom_heading text=&#8221;Unidad de Laboratorios&#8221; font_container=&#8221;tag:h1|text_align:center|color:%2333cccc&#8221; google_fonts=&#8221;font_family:Roboto%20Condensed%3A300%2C300italic%2Cregular%2Citalic%2C700%2C700italic|font_style:700%20bold%20regular%3A700%3Anormal&#8221; css_animation=&#8221;bounceIn&#8221;][vc_single_image image=&#8221;1329&#8243; img_size=&#8221;full&#8221; alignment=&#8221;center&#8221; css_animation=&#8221;bounceIn&#8221; css=&#8221;.vc_custom_1594417412382{margin-top: 25px !important;margin-bottom: 25px !important;}&#8221;][\/vc_column][\/vc_row][vc_row css_animation=&#8221;fadeIn&#8221; css=&#8221;.vc_custom_1590198301109{margin-top: 4px !important;}&#8221;][vc_column css_animation=&#8221;none&#8221;][vc_custom_heading text=&#8221;La Unidad de Laboratorios est\u00e1 encargada de la administraci\u00f3n, mantenimiento, gesti\u00f3n de dotaci\u00f3n de los Laboratorios de Ciberseguridad; Inteligencia Artificial y Big Data; Simulaci\u00f3n, Realidad Virtual y Realidad Aumentada; IoT, [&hellip;]<\/p>\n","protected":false},"author":1,"featured_media":0,"parent":0,"menu_order":0,"comment_status":"closed","ping_status":"closed","template":"","meta":{"footnotes":""},"yoast_head":"<!-- This site is optimized with the Yoast SEO plugin v24.5 - https:\/\/yoast.com\/wordpress\/plugins\/seo\/ -->\n<title>Unidad de Laboratorios - CIDTI 4.0<\/title>\n<meta name=\"robots\" content=\"index, follow, max-snippet:-1, max-image-preview:large, max-video-preview:-1\" \/>\n<link rel=\"canonical\" href=\"https:\/\/cidti.com.co\/cidti40\/unidad-de-laboratorios\/\" \/>\n<meta property=\"og:locale\" content=\"es_ES\" \/>\n<meta property=\"og:type\" content=\"article\" \/>\n<meta property=\"og:title\" content=\"Unidad de Laboratorios - CIDTI 4.0\" \/>\n<meta property=\"og:description\" content=\"[vc_row css_animation=&#8221;bounceIn&#8221; css=&#8221;.vc_custom_1590198353098{margin-top: 5rem !important;}&#8221;][vc_column][vc_custom_heading text=&#8221;Unidad de Laboratorios&#8221; font_container=&#8221;tag:h1|text_align:center|color:%2333cccc&#8221; google_fonts=&#8221;font_family:Roboto%20Condensed%3A300%2C300italic%2Cregular%2Citalic%2C700%2C700italic|font_style:700%20bold%20regular%3A700%3Anormal&#8221; css_animation=&#8221;bounceIn&#8221;][vc_single_image image=&#8221;1329&#8243; img_size=&#8221;full&#8221; alignment=&#8221;center&#8221; css_animation=&#8221;bounceIn&#8221; css=&#8221;.vc_custom_1594417412382{margin-top: 25px !important;margin-bottom: 25px !important;}&#8221;][\/vc_column][\/vc_row][vc_row css_animation=&#8221;fadeIn&#8221; css=&#8221;.vc_custom_1590198301109{margin-top: 4px !important;}&#8221;][vc_column css_animation=&#8221;none&#8221;][vc_custom_heading text=&#8221;La Unidad de Laboratorios est\u00e1 encargada de la administraci\u00f3n, mantenimiento, gesti\u00f3n de dotaci\u00f3n de los Laboratorios de Ciberseguridad; Inteligencia Artificial y Big Data; Simulaci\u00f3n, Realidad Virtual y Realidad Aumentada; IoT, [&hellip;]\" \/>\n<meta property=\"og:url\" content=\"https:\/\/cidti.com.co\/cidti40\/unidad-de-laboratorios\/\" \/>\n<meta property=\"og:site_name\" content=\"CIDTI 4.0\" \/>\n<meta property=\"article:publisher\" content=\"https:\/\/www.facebook.com\/CIDTI40\" \/>\n<meta property=\"article:modified_time\" content=\"2020-12-04T15:25:15+00:00\" \/>\n<meta name=\"twitter:card\" content=\"summary_large_image\" \/>\n<meta name=\"twitter:label1\" content=\"Tiempo de lectura\" \/>\n\t<meta name=\"twitter:data1\" content=\"3 minutos\" \/>\n<script type=\"application\/ld+json\" class=\"yoast-schema-graph\">{\"@context\":\"https:\/\/schema.org\",\"@graph\":[{\"@type\":\"WebPage\",\"@id\":\"https:\/\/cidti.com.co\/cidti40\/unidad-de-laboratorios\/\",\"url\":\"https:\/\/cidti.com.co\/cidti40\/unidad-de-laboratorios\/\",\"name\":\"Unidad de Laboratorios - CIDTI 4.0\",\"isPartOf\":{\"@id\":\"https:\/\/cidti.com.co\/cidti40\/#website\"},\"datePublished\":\"2020-07-07T16:02:30+00:00\",\"dateModified\":\"2020-12-04T15:25:15+00:00\",\"breadcrumb\":{\"@id\":\"https:\/\/cidti.com.co\/cidti40\/unidad-de-laboratorios\/#breadcrumb\"},\"inLanguage\":\"es\",\"potentialAction\":[{\"@type\":\"ReadAction\",\"target\":[\"https:\/\/cidti.com.co\/cidti40\/unidad-de-laboratorios\/\"]}]},{\"@type\":\"BreadcrumbList\",\"@id\":\"https:\/\/cidti.com.co\/cidti40\/unidad-de-laboratorios\/#breadcrumb\",\"itemListElement\":[{\"@type\":\"ListItem\",\"position\":1,\"name\":\"Home\",\"item\":\"https:\/\/cidti.com.co\/cidti40\/\"},{\"@type\":\"ListItem\",\"position\":2,\"name\":\"Unidad de Laboratorios\"}]},{\"@type\":\"WebSite\",\"@id\":\"https:\/\/cidti.com.co\/cidti40\/#website\",\"url\":\"https:\/\/cidti.com.co\/cidti40\/\",\"name\":\"CIDTI 40\",\"description\":\"\",\"publisher\":{\"@id\":\"https:\/\/cidti.com.co\/cidti40\/#organization\"},\"potentialAction\":[{\"@type\":\"SearchAction\",\"target\":{\"@type\":\"EntryPoint\",\"urlTemplate\":\"https:\/\/cidti.com.co\/cidti40\/?s={search_term_string}\"},\"query-input\":{\"@type\":\"PropertyValueSpecification\",\"valueRequired\":true,\"valueName\":\"search_term_string\"}}],\"inLanguage\":\"es\"},{\"@type\":\"Organization\",\"@id\":\"https:\/\/cidti.com.co\/cidti40\/#organization\",\"name\":\"CIDTI 4.0\",\"url\":\"https:\/\/cidti.com.co\/cidti40\/\",\"logo\":{\"@type\":\"ImageObject\",\"inLanguage\":\"es\",\"@id\":\"https:\/\/cidti.com.co\/cidti40\/#\/schema\/logo\/image\/\",\"url\":\"https:\/\/cidti40.com\/wp-content\/uploads\/2020\/05\/FAVICON_CIDTI-1.png\",\"contentUrl\":\"https:\/\/cidti40.com\/wp-content\/uploads\/2020\/05\/FAVICON_CIDTI-1.png\",\"width\":1067,\"height\":1067,\"caption\":\"CIDTI 4.0\"},\"image\":{\"@id\":\"https:\/\/cidti.com.co\/cidti40\/#\/schema\/logo\/image\/\"},\"sameAs\":[\"https:\/\/www.facebook.com\/CIDTI40\",\"https:\/\/www.instagram.com\/cidti40\/\",\"https:\/\/www.linkedin.com\/in\/comunicaciones-cidti\/\",\"https:\/\/www.youtube.com\/channel\/UC5JgvJy7YXifAYLqepgNcvg\/\"]}]}<\/script>\n<!-- \/ Yoast SEO plugin. -->","yoast_head_json":{"title":"Unidad de Laboratorios - CIDTI 4.0","robots":{"index":"index","follow":"follow","max-snippet":"max-snippet:-1","max-image-preview":"max-image-preview:large","max-video-preview":"max-video-preview:-1"},"canonical":"https:\/\/cidti.com.co\/cidti40\/unidad-de-laboratorios\/","og_locale":"es_ES","og_type":"article","og_title":"Unidad de Laboratorios - CIDTI 4.0","og_description":"[vc_row css_animation=&#8221;bounceIn&#8221; css=&#8221;.vc_custom_1590198353098{margin-top: 5rem !important;}&#8221;][vc_column][vc_custom_heading text=&#8221;Unidad de Laboratorios&#8221; font_container=&#8221;tag:h1|text_align:center|color:%2333cccc&#8221; google_fonts=&#8221;font_family:Roboto%20Condensed%3A300%2C300italic%2Cregular%2Citalic%2C700%2C700italic|font_style:700%20bold%20regular%3A700%3Anormal&#8221; css_animation=&#8221;bounceIn&#8221;][vc_single_image image=&#8221;1329&#8243; img_size=&#8221;full&#8221; alignment=&#8221;center&#8221; css_animation=&#8221;bounceIn&#8221; css=&#8221;.vc_custom_1594417412382{margin-top: 25px !important;margin-bottom: 25px !important;}&#8221;][\/vc_column][\/vc_row][vc_row css_animation=&#8221;fadeIn&#8221; css=&#8221;.vc_custom_1590198301109{margin-top: 4px !important;}&#8221;][vc_column css_animation=&#8221;none&#8221;][vc_custom_heading text=&#8221;La Unidad de Laboratorios est\u00e1 encargada de la administraci\u00f3n, mantenimiento, gesti\u00f3n de dotaci\u00f3n de los Laboratorios de Ciberseguridad; Inteligencia Artificial y Big Data; Simulaci\u00f3n, Realidad Virtual y Realidad Aumentada; IoT, [&hellip;]","og_url":"https:\/\/cidti.com.co\/cidti40\/unidad-de-laboratorios\/","og_site_name":"CIDTI 4.0","article_publisher":"https:\/\/www.facebook.com\/CIDTI40","article_modified_time":"2020-12-04T15:25:15+00:00","twitter_card":"summary_large_image","twitter_misc":{"Tiempo de lectura":"3 minutos"},"schema":{"@context":"https:\/\/schema.org","@graph":[{"@type":"WebPage","@id":"https:\/\/cidti.com.co\/cidti40\/unidad-de-laboratorios\/","url":"https:\/\/cidti.com.co\/cidti40\/unidad-de-laboratorios\/","name":"Unidad de Laboratorios - CIDTI 4.0","isPartOf":{"@id":"https:\/\/cidti.com.co\/cidti40\/#website"},"datePublished":"2020-07-07T16:02:30+00:00","dateModified":"2020-12-04T15:25:15+00:00","breadcrumb":{"@id":"https:\/\/cidti.com.co\/cidti40\/unidad-de-laboratorios\/#breadcrumb"},"inLanguage":"es","potentialAction":[{"@type":"ReadAction","target":["https:\/\/cidti.com.co\/cidti40\/unidad-de-laboratorios\/"]}]},{"@type":"BreadcrumbList","@id":"https:\/\/cidti.com.co\/cidti40\/unidad-de-laboratorios\/#breadcrumb","itemListElement":[{"@type":"ListItem","position":1,"name":"Home","item":"https:\/\/cidti.com.co\/cidti40\/"},{"@type":"ListItem","position":2,"name":"Unidad de Laboratorios"}]},{"@type":"WebSite","@id":"https:\/\/cidti.com.co\/cidti40\/#website","url":"https:\/\/cidti.com.co\/cidti40\/","name":"CIDTI 40","description":"","publisher":{"@id":"https:\/\/cidti.com.co\/cidti40\/#organization"},"potentialAction":[{"@type":"SearchAction","target":{"@type":"EntryPoint","urlTemplate":"https:\/\/cidti.com.co\/cidti40\/?s={search_term_string}"},"query-input":{"@type":"PropertyValueSpecification","valueRequired":true,"valueName":"search_term_string"}}],"inLanguage":"es"},{"@type":"Organization","@id":"https:\/\/cidti.com.co\/cidti40\/#organization","name":"CIDTI 4.0","url":"https:\/\/cidti.com.co\/cidti40\/","logo":{"@type":"ImageObject","inLanguage":"es","@id":"https:\/\/cidti.com.co\/cidti40\/#\/schema\/logo\/image\/","url":"https:\/\/cidti40.com\/wp-content\/uploads\/2020\/05\/FAVICON_CIDTI-1.png","contentUrl":"https:\/\/cidti40.com\/wp-content\/uploads\/2020\/05\/FAVICON_CIDTI-1.png","width":1067,"height":1067,"caption":"CIDTI 4.0"},"image":{"@id":"https:\/\/cidti.com.co\/cidti40\/#\/schema\/logo\/image\/"},"sameAs":["https:\/\/www.facebook.com\/CIDTI40","https:\/\/www.instagram.com\/cidti40\/","https:\/\/www.linkedin.com\/in\/comunicaciones-cidti\/","https:\/\/www.youtube.com\/channel\/UC5JgvJy7YXifAYLqepgNcvg\/"]}]}},"_links":{"self":[{"href":"https:\/\/cidti.com.co\/cidti40\/wp-json\/wp\/v2\/pages\/1106"}],"collection":[{"href":"https:\/\/cidti.com.co\/cidti40\/wp-json\/wp\/v2\/pages"}],"about":[{"href":"https:\/\/cidti.com.co\/cidti40\/wp-json\/wp\/v2\/types\/page"}],"author":[{"embeddable":true,"href":"https:\/\/cidti.com.co\/cidti40\/wp-json\/wp\/v2\/users\/1"}],"replies":[{"embeddable":true,"href":"https:\/\/cidti.com.co\/cidti40\/wp-json\/wp\/v2\/comments?post=1106"}],"version-history":[{"count":16,"href":"https:\/\/cidti.com.co\/cidti40\/wp-json\/wp\/v2\/pages\/1106\/revisions"}],"predecessor-version":[{"id":1664,"href":"https:\/\/cidti.com.co\/cidti40\/wp-json\/wp\/v2\/pages\/1106\/revisions\/1664"}],"wp:attachment":[{"href":"https:\/\/cidti.com.co\/cidti40\/wp-json\/wp\/v2\/media?parent=1106"}],"curies":[{"name":"wp","href":"https:\/\/api.w.org\/{rel}","templated":true}]}}