{"id":161,"date":"2016-02-09T10:38:39","date_gmt":"2016-02-09T10:38:39","guid":{"rendered":"http:\/\/cidti40.com\/?page_id=161"},"modified":"2021-02-04T16:44:56","modified_gmt":"2021-02-04T21:44:56","slug":"transformacion-e-innovacion-digital","status":"publish","type":"page","link":"https:\/\/cidti.com.co\/cidti40\/transformacion-e-innovacion-digital\/","title":{"rendered":"Transformaci\u00f3n e Innovaci\u00f3n Digital"},"content":{"rendered":"<div class=\"wpb-content-wrapper\"><p>[vc_row css_animation=&#8221;bounceIn&#8221; css=&#8221;.vc_custom_1590198353098{margin-top: 5rem !important;}&#8221;][vc_column][vc_custom_heading text=&#8221;Transformaci\u00f3n e Innovaci\u00f3n Digital&#8221; font_container=&#8221;tag:h1|text_align:center|color:%2333cccc&#8221; google_fonts=&#8221;font_family:Roboto%20Condensed%3A300%2C300italic%2Cregular%2Citalic%2C700%2C700italic|font_style:700%20bold%20regular%3A700%3Anormal&#8221; css_animation=&#8221;bounceIn&#8221;][vc_single_image image=&#8221;1432&#8243; img_size=&#8221;full&#8221; alignment=&#8221;center&#8221; css_animation=&#8221;bounceIn&#8221; css=&#8221;.vc_custom_1594839349586{margin-top: 25px !important;margin-bottom: 25px !important;}&#8221;][\/vc_column][\/vc_row][vc_row css_animation=&#8221;fadeIn&#8221; css=&#8221;.vc_custom_1590198301109{margin-top: 4px !important;}&#8221;][vc_column css_animation=&#8221;none&#8221;][vc_custom_heading text=&#8221;Las empresas est\u00e1n reemplazando r\u00e1pidamente sus interacciones tradicionales por experiencias digitales impulsadas por los avances tecnol\u00f3gicos. Aun as\u00ed, en la realidad vemos como esto no sucede, pues les es dif\u00edcil transformarse.<\/p>\n<p>Por consiguiente, vemos que en el mercado las empresas no saben como afrontarlo y por defecto fracasan, por ello es importante la adaptaci\u00f3n a los nuevos mercados para generar experiencias digitales que se acoplen a un nuevo modelo orientado al cliente.<\/p>\n<p>Por lo tanto, la transformaci\u00f3n digital es el proceso que integra la tecnolog\u00eda digital en todos los aspectos del negocio, y para ello se requieren cambios fundamentales, as\u00ed es que se le debe dar la importancia necesaria a la tecnolog\u00eda, a la forma de operar y a la entrega de valor al cliente final. Es el momento para que las empresas aprovechen mejor la era digital en tiempos de cambio y su r\u00e1pida expansi\u00f3n en todos los ordenes de la vida.<\/p>\n<p>Para ello, las empresas deben reinventarse y transformar radicalmente todos sus procesos y modelos. Uno de los retos actuales de las empresas es enfrentarse a un cliente cada vez m\u00e1s exigente y que espera una experiencia digital acorde a sus exigencias.<\/p>\n<p>Y para satisfacer esta demanda no basta con digitalizar algunos productos y servicios, se debe extender la transformaci\u00f3n digital a toda la empresa. De este modo la Unidad de Transformaci\u00f3n Digital del Cidti 4.0 tiene como objetivo principal apoyar a las organizaciones en su tejido empresarial y a el ecosistema de innovaci\u00f3n digital de la regi\u00f3n en un proceso de transformaci\u00f3n a lo digital a trav\u00e9s de servicios y un acompa\u00f1amiento profesional y especializado en la industria 4.0 aportando innovaci\u00f3n y creatividad en cada uno de sus procesos.&#8221; font_container=&#8221;tag:div|text_align:justify&#8221; google_fonts=&#8221;font_family:Roboto%20Condensed%3A300%2C300italic%2Cregular%2Citalic%2C700%2C700italic|font_style:400%20regular%3A400%3Anormal&#8221; css_animation=&#8221;bounceIn&#8221;][\/vc_column][\/vc_row][vc_row css_animation=&#8221;fadeInUp&#8221; css=&#8221;.vc_custom_1590198203087{margin-top: 5px !important;}&#8221;][vc_column width=&#8221;1\/2&#8243; css=&#8221;.vc_custom_1590005288418{margin-top: 10px !important;margin-bottom: 35px !important;}&#8221;][vc_empty_space][vc_custom_heading text=&#8221;<b>+<\/b> Consultor\u00eda en Transformaci\u00f3n Digital&#8221; font_container=&#8221;tag:h4|text_align:justify|color:%2333cccc&#8221; google_fonts=&#8221;font_family:Roboto%20Condensed%3A300%2C300italic%2Cregular%2Citalic%2C700%2C700italic|font_style:700%20bold%20regular%3A700%3Anormal&#8221; css_animation=&#8221;bounceIn&#8221;][vc_custom_heading text=&#8221;La transformaci\u00f3n digital en las empresas adquiere un papel muy importante, y es la responsable de cambiarla y adaptarla a una industria conectada. Este proceso requiere de un gran conocimiento personal y unificarlo a todos los componentes de una organizaci\u00f3n empresarial.<\/p>\n<p>Por tanto, la innovaci\u00f3n como la tecnolog\u00eda llegaron para que las industrias transformen sus modelos de negocio a una estrategia digital. Si bien cada organizaci\u00f3n que opera hoy en d\u00eda es diferente, y todas enfrentan un desaf\u00edo com\u00fan sobre todo en momentos de cambio econ\u00f3mico, social y cultural, es la necesidad de conexi\u00f3n y acceso a informaci\u00f3n en tiempo real a trav\u00e9s de procesos, socios, productos y personas es mas importante.<\/p>\n<p>Impulsamos el desarrollo de las organizaciones en el marco de la Transformaci\u00f3n Digital. Por ello generamos consultor\u00eda e investigaci\u00f3n estrat\u00e9gica y especializada para el desarrollo de la industria 4.0 en la regi\u00f3n, permitiendo el crecimiento de las empresas en la era digital.&#8221; font_container=&#8221;tag:div|text_align:justify&#8221; google_fonts=&#8221;font_family:Roboto%20Condensed%3A300%2C300italic%2Cregular%2Citalic%2C700%2C700italic|font_style:400%20regular%3A400%3Anormal&#8221; css_animation=&#8221;bounceIn&#8221; css=&#8221;.vc_custom_1594328754177{margin-top: 30px !important;}&#8221;][vc_empty_space][vc_custom_heading text=&#8221;<b>+<\/b> Gesti\u00f3n de Relaciones Nacionales e Internacionales.&#8221; font_container=&#8221;tag:h4|text_align:justify|color:%2333cccc&#8221; google_fonts=&#8221;font_family:Roboto%20Condensed%3A300%2C300italic%2Cregular%2Citalic%2C700%2C700italic|font_style:700%20bold%20regular%3A700%3Anormal&#8221; css_animation=&#8221;bounceIn&#8221;][vc_custom_heading text=&#8221;Como estrategia empresarial, la cooperaci\u00f3n ha dejado de ser la experiencia de empresas aisladas para transformarse en una forma altamente generalizada de competir en los mercados nacionales e internacionales, permitiendo unir esfuerzos con otras organizaciones, ya sean publicas o privadas, logrando con ello un fin en com\u00fan, como puede ser la realizaci\u00f3n de un proyecto o la ampliaci\u00f3n de un negocio, etc.<\/p>\n<p>Por ello el establecimiento de acuerdos de cooperaci\u00f3n entre firmas empresariales en particular en lo que se refiere al beneficio de las pymes, como tambi\u00e9n las condiciones de funcionamiento de las econom\u00edas nacionales y la importancia en los procesos de integraci\u00f3n regional plantea oportunidades y amenazas para las empresas, que exigen como respuesta nuevas estrategias competitivas.<\/p>\n<p>La Unidad de Transformaci\u00f3n Digital genera cooperaci\u00f3n para que las diferentes organizaciones empresariales y acad\u00e9micas, nacionales e internacionales creen acuerdos en sus requerimientos, oportunidades, urgencias y necesidades en el tema de Transformaci\u00f3n Digital e Industria 4.0.&#8221; font_container=&#8221;tag:div|text_align:justify&#8221; google_fonts=&#8221;font_family:Roboto%20Condensed%3A300%2C300italic%2Cregular%2Citalic%2C700%2C700italic|font_style:400%20regular%3A400%3Anormal&#8221; css_animation=&#8221;bounceIn&#8221; css=&#8221;.vc_custom_1594839490930{margin-top: 30px !important;}&#8221;][\/vc_column][vc_column css_animation=&#8221;none&#8221; width=&#8221;1\/2&#8243;][vc_single_image image=&#8221;1431&#8243; img_size=&#8221;full&#8221; alignment=&#8221;center&#8221; css_animation=&#8221;bounceIn&#8221; css=&#8221;.vc_custom_1594839372848{margin-top: 25px !important;margin-bottom: 25px !important;}&#8221;][\/vc_column][\/vc_row][vc_row][vc_column][vc_custom_heading text=&#8221;<b>+<\/b> Vigilancia Tecnol\u00f3gica e Inteligencia Competitiva&#8221; font_container=&#8221;tag:h4|text_align:justify|color:%2333cccc&#8221; google_fonts=&#8221;font_family:Roboto%20Condensed%3A300%2C300italic%2Cregular%2Citalic%2C700%2C700italic|font_style:700%20bold%20regular%3A700%3Anormal&#8221; css_animation=&#8221;bounceIn&#8221; css=&#8221;.vc_custom_1594136973727{margin-top: 35px !important;}&#8221;][vc_custom_heading text=&#8221;La inteligencia competitiva parte del conocimiento del entorno, la vigilancia nos permite estar en un estado actualizado con referente a el modelo de negocio y nos ayuda a saber qu\u00e9 est\u00e1 pasando en el entorno. Esto permite estar adelantado a los cambios. Por ello la inteligencia supone avanzar un poco m\u00e1s para mantener una actitud despierta. Consiste en buscar activamente las oportunidades.<\/p>\n<p>Por otra parte, contar con la inteligencia competitiva o un sistema de vigilancia consiste en hablar de una transformaci\u00f3n sistem\u00e1tica y focalizada de recolecci\u00f3n y an\u00e1lisis de informaci\u00f3n, con el objetivo de aportar en la toma de decisiones estrat\u00e9gicas.<\/p>\n<p>De este modo creemos en un sistema de vigilancia tecnol\u00f3gica m\u00e1s amplio que comprenda los avances del estado de la t\u00e9cnica, en un correcto an\u00e1lisis de los competidores actuales y potenciales, en el an\u00e1lisis de los clientes, proveedores y mercados y en el conjunto de aspectos que configuran el escenario de actuaci\u00f3n de las empresas como la legislaci\u00f3n, el medioambiente o la econom\u00eda.<\/p>\n<p>Ofrecemos un respaldo a las organizaciones permitiendo integrar el conocimiento de la informaci\u00f3n externa de su empresa u organizaci\u00f3n, favoreciendo la vigilancia Tecnol\u00f3gica e Inteligencia competitiva en la toma de decisiones, poni\u00e9ndola por delante de la competencia estrategicamente.&#8221; font_container=&#8221;tag:div|text_align:justify&#8221; google_fonts=&#8221;font_family:Roboto%20Condensed%3A300%2C300italic%2Cregular%2Citalic%2C700%2C700italic|font_style:400%20regular%3A400%3Anormal&#8221; css_animation=&#8221;bounceIn&#8221; css=&#8221;.vc_custom_1595608231968{margin-top: 35px !important;}&#8221;][\/vc_column][\/vc_row]<\/p>\n<\/div>","protected":false},"excerpt":{"rendered":"<p>[vc_row css_animation=&#8221;bounceIn&#8221; css=&#8221;.vc_custom_1590198353098{margin-top: 5rem !important;}&#8221;][vc_column][vc_custom_heading text=&#8221;Transformaci\u00f3n e Innovaci\u00f3n Digital&#8221; font_container=&#8221;tag:h1|text_align:center|color:%2333cccc&#8221; google_fonts=&#8221;font_family:Roboto%20Condensed%3A300%2C300italic%2Cregular%2Citalic%2C700%2C700italic|font_style:700%20bold%20regular%3A700%3Anormal&#8221; css_animation=&#8221;bounceIn&#8221;][vc_single_image image=&#8221;1432&#8243; img_size=&#8221;full&#8221; alignment=&#8221;center&#8221; css_animation=&#8221;bounceIn&#8221; css=&#8221;.vc_custom_1594839349586{margin-top: 25px !important;margin-bottom: 25px !important;}&#8221;][\/vc_column][\/vc_row][vc_row css_animation=&#8221;fadeIn&#8221; css=&#8221;.vc_custom_1590198301109{margin-top: 4px !important;}&#8221;][vc_column css_animation=&#8221;none&#8221;][vc_custom_heading text=&#8221;Las empresas est\u00e1n reemplazando r\u00e1pidamente sus interacciones tradicionales por experiencias digitales impulsadas por los avances tecnol\u00f3gicos. Aun as\u00ed, en la realidad vemos como esto no sucede, pues les es [&hellip;]<\/p>\n","protected":false},"author":1,"featured_media":0,"parent":0,"menu_order":0,"comment_status":"closed","ping_status":"closed","template":"","meta":{"footnotes":""},"yoast_head":"<!-- This site is optimized with the Yoast SEO plugin v24.5 - https:\/\/yoast.com\/wordpress\/plugins\/seo\/ -->\n<title>Transformaci\u00f3n e Innovaci\u00f3n Digital - CIDTI 4.0<\/title>\n<meta name=\"robots\" content=\"index, follow, max-snippet:-1, max-image-preview:large, max-video-preview:-1\" \/>\n<link rel=\"canonical\" href=\"https:\/\/cidti.com.co\/cidti40\/transformacion-e-innovacion-digital\/\" \/>\n<meta property=\"og:locale\" content=\"es_ES\" \/>\n<meta property=\"og:type\" content=\"article\" \/>\n<meta property=\"og:title\" content=\"Transformaci\u00f3n e Innovaci\u00f3n Digital - CIDTI 4.0\" \/>\n<meta property=\"og:description\" content=\"[vc_row css_animation=&#8221;bounceIn&#8221; css=&#8221;.vc_custom_1590198353098{margin-top: 5rem !important;}&#8221;][vc_column][vc_custom_heading text=&#8221;Transformaci\u00f3n e Innovaci\u00f3n Digital&#8221; font_container=&#8221;tag:h1|text_align:center|color:%2333cccc&#8221; google_fonts=&#8221;font_family:Roboto%20Condensed%3A300%2C300italic%2Cregular%2Citalic%2C700%2C700italic|font_style:700%20bold%20regular%3A700%3Anormal&#8221; css_animation=&#8221;bounceIn&#8221;][vc_single_image image=&#8221;1432&#8243; img_size=&#8221;full&#8221; alignment=&#8221;center&#8221; css_animation=&#8221;bounceIn&#8221; css=&#8221;.vc_custom_1594839349586{margin-top: 25px !important;margin-bottom: 25px !important;}&#8221;][\/vc_column][\/vc_row][vc_row css_animation=&#8221;fadeIn&#8221; css=&#8221;.vc_custom_1590198301109{margin-top: 4px !important;}&#8221;][vc_column css_animation=&#8221;none&#8221;][vc_custom_heading text=&#8221;Las empresas est\u00e1n reemplazando r\u00e1pidamente sus interacciones tradicionales por experiencias digitales impulsadas por los avances tecnol\u00f3gicos. Aun as\u00ed, en la realidad vemos como esto no sucede, pues les es [&hellip;]\" \/>\n<meta property=\"og:url\" content=\"https:\/\/cidti.com.co\/cidti40\/transformacion-e-innovacion-digital\/\" \/>\n<meta property=\"og:site_name\" content=\"CIDTI 4.0\" \/>\n<meta property=\"article:publisher\" content=\"https:\/\/www.facebook.com\/CIDTI40\" \/>\n<meta property=\"article:modified_time\" content=\"2021-02-04T21:44:56+00:00\" \/>\n<meta name=\"twitter:card\" content=\"summary_large_image\" \/>\n<meta name=\"twitter:label1\" content=\"Tiempo de lectura\" \/>\n\t<meta name=\"twitter:data1\" content=\"7 minutos\" \/>\n<script type=\"application\/ld+json\" class=\"yoast-schema-graph\">{\"@context\":\"https:\/\/schema.org\",\"@graph\":[{\"@type\":\"WebPage\",\"@id\":\"https:\/\/cidti.com.co\/cidti40\/transformacion-e-innovacion-digital\/\",\"url\":\"https:\/\/cidti.com.co\/cidti40\/transformacion-e-innovacion-digital\/\",\"name\":\"Transformaci\u00f3n e Innovaci\u00f3n Digital - CIDTI 4.0\",\"isPartOf\":{\"@id\":\"https:\/\/cidti.com.co\/cidti40\/#website\"},\"datePublished\":\"2016-02-09T10:38:39+00:00\",\"dateModified\":\"2021-02-04T21:44:56+00:00\",\"breadcrumb\":{\"@id\":\"https:\/\/cidti.com.co\/cidti40\/transformacion-e-innovacion-digital\/#breadcrumb\"},\"inLanguage\":\"es\",\"potentialAction\":[{\"@type\":\"ReadAction\",\"target\":[\"https:\/\/cidti.com.co\/cidti40\/transformacion-e-innovacion-digital\/\"]}]},{\"@type\":\"BreadcrumbList\",\"@id\":\"https:\/\/cidti.com.co\/cidti40\/transformacion-e-innovacion-digital\/#breadcrumb\",\"itemListElement\":[{\"@type\":\"ListItem\",\"position\":1,\"name\":\"Home\",\"item\":\"https:\/\/cidti.com.co\/cidti40\/\"},{\"@type\":\"ListItem\",\"position\":2,\"name\":\"Transformaci\u00f3n e Innovaci\u00f3n Digital\"}]},{\"@type\":\"WebSite\",\"@id\":\"https:\/\/cidti.com.co\/cidti40\/#website\",\"url\":\"https:\/\/cidti.com.co\/cidti40\/\",\"name\":\"CIDTI 40\",\"description\":\"\",\"publisher\":{\"@id\":\"https:\/\/cidti.com.co\/cidti40\/#organization\"},\"potentialAction\":[{\"@type\":\"SearchAction\",\"target\":{\"@type\":\"EntryPoint\",\"urlTemplate\":\"https:\/\/cidti.com.co\/cidti40\/?s={search_term_string}\"},\"query-input\":{\"@type\":\"PropertyValueSpecification\",\"valueRequired\":true,\"valueName\":\"search_term_string\"}}],\"inLanguage\":\"es\"},{\"@type\":\"Organization\",\"@id\":\"https:\/\/cidti.com.co\/cidti40\/#organization\",\"name\":\"CIDTI 4.0\",\"url\":\"https:\/\/cidti.com.co\/cidti40\/\",\"logo\":{\"@type\":\"ImageObject\",\"inLanguage\":\"es\",\"@id\":\"https:\/\/cidti.com.co\/cidti40\/#\/schema\/logo\/image\/\",\"url\":\"https:\/\/cidti40.com\/wp-content\/uploads\/2020\/05\/FAVICON_CIDTI-1.png\",\"contentUrl\":\"https:\/\/cidti40.com\/wp-content\/uploads\/2020\/05\/FAVICON_CIDTI-1.png\",\"width\":1067,\"height\":1067,\"caption\":\"CIDTI 4.0\"},\"image\":{\"@id\":\"https:\/\/cidti.com.co\/cidti40\/#\/schema\/logo\/image\/\"},\"sameAs\":[\"https:\/\/www.facebook.com\/CIDTI40\",\"https:\/\/www.instagram.com\/cidti40\/\",\"https:\/\/www.linkedin.com\/in\/comunicaciones-cidti\/\",\"https:\/\/www.youtube.com\/channel\/UC5JgvJy7YXifAYLqepgNcvg\/\"]}]}<\/script>\n<!-- \/ Yoast SEO plugin. -->","yoast_head_json":{"title":"Transformaci\u00f3n e Innovaci\u00f3n Digital - CIDTI 4.0","robots":{"index":"index","follow":"follow","max-snippet":"max-snippet:-1","max-image-preview":"max-image-preview:large","max-video-preview":"max-video-preview:-1"},"canonical":"https:\/\/cidti.com.co\/cidti40\/transformacion-e-innovacion-digital\/","og_locale":"es_ES","og_type":"article","og_title":"Transformaci\u00f3n e Innovaci\u00f3n Digital - CIDTI 4.0","og_description":"[vc_row css_animation=&#8221;bounceIn&#8221; css=&#8221;.vc_custom_1590198353098{margin-top: 5rem !important;}&#8221;][vc_column][vc_custom_heading text=&#8221;Transformaci\u00f3n e Innovaci\u00f3n Digital&#8221; font_container=&#8221;tag:h1|text_align:center|color:%2333cccc&#8221; google_fonts=&#8221;font_family:Roboto%20Condensed%3A300%2C300italic%2Cregular%2Citalic%2C700%2C700italic|font_style:700%20bold%20regular%3A700%3Anormal&#8221; css_animation=&#8221;bounceIn&#8221;][vc_single_image image=&#8221;1432&#8243; img_size=&#8221;full&#8221; alignment=&#8221;center&#8221; css_animation=&#8221;bounceIn&#8221; css=&#8221;.vc_custom_1594839349586{margin-top: 25px !important;margin-bottom: 25px !important;}&#8221;][\/vc_column][\/vc_row][vc_row css_animation=&#8221;fadeIn&#8221; css=&#8221;.vc_custom_1590198301109{margin-top: 4px !important;}&#8221;][vc_column css_animation=&#8221;none&#8221;][vc_custom_heading text=&#8221;Las empresas est\u00e1n reemplazando r\u00e1pidamente sus interacciones tradicionales por experiencias digitales impulsadas por los avances tecnol\u00f3gicos. Aun as\u00ed, en la realidad vemos como esto no sucede, pues les es [&hellip;]","og_url":"https:\/\/cidti.com.co\/cidti40\/transformacion-e-innovacion-digital\/","og_site_name":"CIDTI 4.0","article_publisher":"https:\/\/www.facebook.com\/CIDTI40","article_modified_time":"2021-02-04T21:44:56+00:00","twitter_card":"summary_large_image","twitter_misc":{"Tiempo de lectura":"7 minutos"},"schema":{"@context":"https:\/\/schema.org","@graph":[{"@type":"WebPage","@id":"https:\/\/cidti.com.co\/cidti40\/transformacion-e-innovacion-digital\/","url":"https:\/\/cidti.com.co\/cidti40\/transformacion-e-innovacion-digital\/","name":"Transformaci\u00f3n e Innovaci\u00f3n Digital - CIDTI 4.0","isPartOf":{"@id":"https:\/\/cidti.com.co\/cidti40\/#website"},"datePublished":"2016-02-09T10:38:39+00:00","dateModified":"2021-02-04T21:44:56+00:00","breadcrumb":{"@id":"https:\/\/cidti.com.co\/cidti40\/transformacion-e-innovacion-digital\/#breadcrumb"},"inLanguage":"es","potentialAction":[{"@type":"ReadAction","target":["https:\/\/cidti.com.co\/cidti40\/transformacion-e-innovacion-digital\/"]}]},{"@type":"BreadcrumbList","@id":"https:\/\/cidti.com.co\/cidti40\/transformacion-e-innovacion-digital\/#breadcrumb","itemListElement":[{"@type":"ListItem","position":1,"name":"Home","item":"https:\/\/cidti.com.co\/cidti40\/"},{"@type":"ListItem","position":2,"name":"Transformaci\u00f3n e Innovaci\u00f3n Digital"}]},{"@type":"WebSite","@id":"https:\/\/cidti.com.co\/cidti40\/#website","url":"https:\/\/cidti.com.co\/cidti40\/","name":"CIDTI 40","description":"","publisher":{"@id":"https:\/\/cidti.com.co\/cidti40\/#organization"},"potentialAction":[{"@type":"SearchAction","target":{"@type":"EntryPoint","urlTemplate":"https:\/\/cidti.com.co\/cidti40\/?s={search_term_string}"},"query-input":{"@type":"PropertyValueSpecification","valueRequired":true,"valueName":"search_term_string"}}],"inLanguage":"es"},{"@type":"Organization","@id":"https:\/\/cidti.com.co\/cidti40\/#organization","name":"CIDTI 4.0","url":"https:\/\/cidti.com.co\/cidti40\/","logo":{"@type":"ImageObject","inLanguage":"es","@id":"https:\/\/cidti.com.co\/cidti40\/#\/schema\/logo\/image\/","url":"https:\/\/cidti40.com\/wp-content\/uploads\/2020\/05\/FAVICON_CIDTI-1.png","contentUrl":"https:\/\/cidti40.com\/wp-content\/uploads\/2020\/05\/FAVICON_CIDTI-1.png","width":1067,"height":1067,"caption":"CIDTI 4.0"},"image":{"@id":"https:\/\/cidti.com.co\/cidti40\/#\/schema\/logo\/image\/"},"sameAs":["https:\/\/www.facebook.com\/CIDTI40","https:\/\/www.instagram.com\/cidti40\/","https:\/\/www.linkedin.com\/in\/comunicaciones-cidti\/","https:\/\/www.youtube.com\/channel\/UC5JgvJy7YXifAYLqepgNcvg\/"]}]}},"_links":{"self":[{"href":"https:\/\/cidti.com.co\/cidti40\/wp-json\/wp\/v2\/pages\/161"}],"collection":[{"href":"https:\/\/cidti.com.co\/cidti40\/wp-json\/wp\/v2\/pages"}],"about":[{"href":"https:\/\/cidti.com.co\/cidti40\/wp-json\/wp\/v2\/types\/page"}],"author":[{"embeddable":true,"href":"https:\/\/cidti.com.co\/cidti40\/wp-json\/wp\/v2\/users\/1"}],"replies":[{"embeddable":true,"href":"https:\/\/cidti.com.co\/cidti40\/wp-json\/wp\/v2\/comments?post=161"}],"version-history":[{"count":23,"href":"https:\/\/cidti.com.co\/cidti40\/wp-json\/wp\/v2\/pages\/161\/revisions"}],"predecessor-version":[{"id":1753,"href":"https:\/\/cidti.com.co\/cidti40\/wp-json\/wp\/v2\/pages\/161\/revisions\/1753"}],"wp:attachment":[{"href":"https:\/\/cidti.com.co\/cidti40\/wp-json\/wp\/v2\/media?parent=161"}],"curies":[{"name":"wp","href":"https:\/\/api.w.org\/{rel}","templated":true}]}}