{"id":187,"date":"2016-02-09T15:05:17","date_gmt":"2016-02-09T15:05:17","guid":{"rendered":"http:\/\/cidti40.com\/?page_id=187"},"modified":"2021-10-01T10:48:42","modified_gmt":"2021-10-01T15:48:42","slug":"laboratorio-iot-y-servicios-de-prototipado-y-3d","status":"publish","type":"page","link":"https:\/\/cidti.com.co\/cidti40\/laboratorio-iot-y-servicios-de-prototipado-y-3d\/","title":{"rendered":"Laboratorio IoT y servicios de prototipado y 3D"},"content":{"rendered":"<div class=\"wpb-content-wrapper\"><p>[vc_row css_animation=&#8221;bounceIn&#8221; css=&#8221;.vc_custom_1590198353098{margin-top: 5rem !important;}&#8221;][vc_column][vc_custom_heading text=&#8221;Laboratorio Iot, Servicios de Prototipado y 3D&#8221; font_container=&#8221;tag:h1|text_align:center|color:%2333cccc&#8221; google_fonts=&#8221;font_family:Roboto%20Condensed%3A300%2C300italic%2Cregular%2Citalic%2C700%2C700italic|font_style:700%20bold%20regular%3A700%3Anormal&#8221; css_animation=&#8221;bounceIn&#8221;][vc_single_image image=&#8221;2250&#8243; img_size=&#8221;full&#8221; alignment=&#8221;center&#8221; css_animation=&#8221;bounceIn&#8221; css=&#8221;.vc_custom_1633103289720{margin-top: 25px !important;margin-bottom: 25px !important;}&#8221;][\/vc_column][\/vc_row][vc_row css_animation=&#8221;fadeIn&#8221; css=&#8221;.vc_custom_1590198301109{margin-top: 4px !important;}&#8221;][vc_column css_animation=&#8221;none&#8221;][vc_custom_heading text=&#8221;Este laboratorio tiene como objetivo, promover el uso, conocimiento, desarrollo y aplicaci\u00f3n del IoT en la industria, los sectores de la producci\u00f3n tradicional, el comercio, el hogar y la academia, todo con miras hacia el fortalecimiento de la industria 4.0<\/BR><\/p>\n<p>El laboratorio de IoT es un espacio que facilita el prototipado r\u00e1pido de soluciones para los diferentes sectores de la econom\u00eda de la regi\u00f3n. Se pueden dise\u00f1ar e implementar prototipos funcionales con sens\u00f3rica, hardware, software, comunicaci\u00f3n inal\u00e1mbrica, carcazas, entre otras, para validar la soluci\u00f3n y su dise\u00f1o definitivo, es decir, trabajar en la fase tecnol\u00f3gica de la soluci\u00f3n, que permita dar pasos hacia un proceso de transformaci\u00f3n digital.&#8221; font_container=&#8221;tag:div|text_align:justify&#8221; google_fonts=&#8221;font_family:Roboto%20Condensed%3A300%2C300italic%2Cregular%2Citalic%2C700%2C700italic|font_style:400%20regular%3A400%3Anormal&#8221; css_animation=&#8221;bounceIn&#8221;][\/vc_column][\/vc_row][vc_row css_animation=&#8221;fadeInUp&#8221; css=&#8221;.vc_custom_1590198203087{margin-top: 5px !important;}&#8221;][vc_column width=&#8221;1\/2&#8243; css=&#8221;.vc_custom_1590005288418{margin-top: 10px !important;margin-bottom: 35px !important;}&#8221;][vc_empty_space][vc_custom_heading text=&#8221;<b>+<\/b> Impresora 3D<br \/>\n<b>+<\/b> Scanner 3D<br \/>\n<b>+<\/b> Maquetas Funcionales: Procesos Industriales, Comerciales y de hogar<br \/>\n<b>+<\/b> Elementos para Dom\u00f3tica<br \/>\n<b>+<\/b> C\u00e1maras Wifi y accesorios<br \/>\n<b>+<\/b> Arduino y tarjetas de desarrollo<br \/>\n<b>+<\/b> Sensorica especializada: sensor de humedad, temperatura, color, presi\u00f3n barom\u00e9trica, peso, movimiento, etc.<br \/>\n<b>+<\/b> Materiales fungibles para prototipos<br \/>\n<b>+<\/b> Herramientas de mano para electr\u00f3nica<br \/>\n<b>+<\/b> Estaci\u00f3n de soldadura para electr\u00f3nica<br \/>\n<b>+<\/b> Mult\u00edmetro, pinza amperim\u00e9trica, mini-osciloscopio<br \/>\n<b>+<\/b> Lector de c\u00f3digo barras<br \/>\n<b>+<\/b> Y acorde a las necesidades de nuestros clientes, se podr\u00e1 adoptar nueva tecnolog\u00eda para ser aplicada en los proyectos de transformaci\u00f3n digital.&#8221; font_container=&#8221;tag:p|text_align:justify|color:%2333cccc&#8221; google_fonts=&#8221;font_family:Roboto%20Condensed%3A300%2C300italic%2Cregular%2Citalic%2C700%2C700italic|font_style:700%20bold%20regular%3A700%3Anormal&#8221; css_animation=&#8221;bounceIn&#8221;][vc_custom_heading text=&#8221;Servicios&#8221; font_container=&#8221;tag:h2|text_align:center|color:%2333cccc&#8221; google_fonts=&#8221;font_family:Roboto%20Condensed%3A300%2C300italic%2Cregular%2Citalic%2C700%2C700italic|font_style:700%20bold%20regular%3A700%3Anormal&#8221; css_animation=&#8221;bounceIn&#8221; css=&#8221;.vc_custom_1594330721798{margin-top: 15px !important;}&#8221;][\/vc_column][vc_column css_animation=&#8221;none&#8221; width=&#8221;1\/2&#8243;][vc_single_image image=&#8221;1201&#8243; img_size=&#8221;full&#8221; alignment=&#8221;center&#8221; css_animation=&#8221;bounceIn&#8221; css=&#8221;.vc_custom_1594330439485{margin-top: 25px !important;margin-bottom: 25px !important;}&#8221;][\/vc_column][\/vc_row][vc_row css=&#8221;.vc_custom_1594330661786{margin-top: 0px !important;}&#8221;][vc_column][vc_custom_heading text=&#8221;Demostrar la importancia de la IoT en los procesos de transformaci\u00f3n digital, en la creaci\u00f3n de nuevas l\u00edneas de negocio, prototipo y producto m\u00ednimo viable, en la industria, comercio y hogar.&#8221; font_container=&#8221;tag:div|text_align:justify&#8221; google_fonts=&#8221;font_family:Roboto%20Condensed%3A300%2C300italic%2Cregular%2Citalic%2C700%2C700italic|font_style:400%20regular%3A400%3Anormal&#8221; css_animation=&#8221;bounceIn&#8221; css=&#8221;.vc_custom_1594331537472{margin-bottom: 15px !important;}&#8221;][vc_custom_heading text=&#8221;Ofrecer servicios de asesor\u00eda, consultor\u00eda en el dise\u00f1o y desarrollo de soluciones basadas en el IoT como parte del proceso de transformaci\u00f3n digital.&#8221; font_container=&#8221;tag:div|text_align:justify&#8221; google_fonts=&#8221;font_family:Roboto%20Condensed%3A300%2C300italic%2Cregular%2Citalic%2C700%2C700italic|font_style:400%20regular%3A400%3Anormal&#8221; css_animation=&#8221;bounceIn&#8221; css=&#8221;.vc_custom_1594331709447{margin-bottom: 15px !important;}&#8221;][vc_custom_heading text=&#8221;Realizar investigaci\u00f3n aplicada de la implementaci\u00f3n de la IoT en los sectores en la industria, comercio y hogar. Para estar a la vanguardia de la innovaci\u00f3n en la IoT.&#8221; font_container=&#8221;tag:div|text_align:justify&#8221; google_fonts=&#8221;font_family:Roboto%20Condensed%3A300%2C300italic%2Cregular%2Citalic%2C700%2C700italic|font_style:400%20regular%3A400%3Anormal&#8221; css_animation=&#8221;bounceIn&#8221;][\/vc_column][\/vc_row]<\/p>\n<\/div>","protected":false},"excerpt":{"rendered":"<p>[vc_row css_animation=&#8221;bounceIn&#8221; css=&#8221;.vc_custom_1590198353098{margin-top: 5rem !important;}&#8221;][vc_column][vc_custom_heading text=&#8221;Laboratorio Iot, Servicios de Prototipado y 3D&#8221; font_container=&#8221;tag:h1|text_align:center|color:%2333cccc&#8221; google_fonts=&#8221;font_family:Roboto%20Condensed%3A300%2C300italic%2Cregular%2Citalic%2C700%2C700italic|font_style:700%20bold%20regular%3A700%3Anormal&#8221; css_animation=&#8221;bounceIn&#8221;][vc_single_image image=&#8221;2250&#8243; img_size=&#8221;full&#8221; alignment=&#8221;center&#8221; css_animation=&#8221;bounceIn&#8221; css=&#8221;.vc_custom_1633103289720{margin-top: 25px !important;margin-bottom: 25px !important;}&#8221;][\/vc_column][\/vc_row][vc_row css_animation=&#8221;fadeIn&#8221; css=&#8221;.vc_custom_1590198301109{margin-top: 4px !important;}&#8221;][vc_column css_animation=&#8221;none&#8221;][vc_custom_heading text=&#8221;Este laboratorio tiene como objetivo, promover el uso, conocimiento, desarrollo y aplicaci\u00f3n del IoT en la industria, los sectores de la producci\u00f3n tradicional, el comercio, el [&hellip;]<\/p>\n","protected":false},"author":1,"featured_media":0,"parent":0,"menu_order":0,"comment_status":"closed","ping_status":"closed","template":"","meta":{"footnotes":""},"yoast_head":"<!-- This site is optimized with the Yoast SEO plugin v24.5 - https:\/\/yoast.com\/wordpress\/plugins\/seo\/ -->\n<title>Laboratorio IoT y servicios de prototipado y 3D - CIDTI 4.0<\/title>\n<meta name=\"robots\" content=\"index, follow, max-snippet:-1, max-image-preview:large, max-video-preview:-1\" \/>\n<link rel=\"canonical\" href=\"https:\/\/cidti.com.co\/cidti40\/laboratorio-iot-y-servicios-de-prototipado-y-3d\/\" \/>\n<meta property=\"og:locale\" content=\"es_ES\" \/>\n<meta property=\"og:type\" content=\"article\" \/>\n<meta property=\"og:title\" content=\"Laboratorio IoT y servicios de prototipado y 3D - CIDTI 4.0\" \/>\n<meta property=\"og:description\" content=\"[vc_row css_animation=&#8221;bounceIn&#8221; css=&#8221;.vc_custom_1590198353098{margin-top: 5rem !important;}&#8221;][vc_column][vc_custom_heading text=&#8221;Laboratorio Iot, Servicios de Prototipado y 3D&#8221; font_container=&#8221;tag:h1|text_align:center|color:%2333cccc&#8221; google_fonts=&#8221;font_family:Roboto%20Condensed%3A300%2C300italic%2Cregular%2Citalic%2C700%2C700italic|font_style:700%20bold%20regular%3A700%3Anormal&#8221; css_animation=&#8221;bounceIn&#8221;][vc_single_image image=&#8221;2250&#8243; img_size=&#8221;full&#8221; alignment=&#8221;center&#8221; css_animation=&#8221;bounceIn&#8221; css=&#8221;.vc_custom_1633103289720{margin-top: 25px !important;margin-bottom: 25px !important;}&#8221;][\/vc_column][\/vc_row][vc_row css_animation=&#8221;fadeIn&#8221; css=&#8221;.vc_custom_1590198301109{margin-top: 4px !important;}&#8221;][vc_column css_animation=&#8221;none&#8221;][vc_custom_heading text=&#8221;Este laboratorio tiene como objetivo, promover el uso, conocimiento, desarrollo y aplicaci\u00f3n del IoT en la industria, los sectores de la producci\u00f3n tradicional, el comercio, el [&hellip;]\" \/>\n<meta property=\"og:url\" content=\"https:\/\/cidti.com.co\/cidti40\/laboratorio-iot-y-servicios-de-prototipado-y-3d\/\" \/>\n<meta property=\"og:site_name\" content=\"CIDTI 4.0\" \/>\n<meta property=\"article:publisher\" content=\"https:\/\/www.facebook.com\/CIDTI40\" \/>\n<meta property=\"article:modified_time\" content=\"2021-10-01T15:48:42+00:00\" \/>\n<meta name=\"twitter:card\" content=\"summary_large_image\" \/>\n<meta name=\"twitter:label1\" content=\"Tiempo de lectura\" \/>\n\t<meta name=\"twitter:data1\" content=\"4 minutos\" \/>\n<script type=\"application\/ld+json\" class=\"yoast-schema-graph\">{\"@context\":\"https:\/\/schema.org\",\"@graph\":[{\"@type\":\"WebPage\",\"@id\":\"https:\/\/cidti.com.co\/cidti40\/laboratorio-iot-y-servicios-de-prototipado-y-3d\/\",\"url\":\"https:\/\/cidti.com.co\/cidti40\/laboratorio-iot-y-servicios-de-prototipado-y-3d\/\",\"name\":\"Laboratorio IoT y servicios de prototipado y 3D - CIDTI 4.0\",\"isPartOf\":{\"@id\":\"https:\/\/cidti.com.co\/cidti40\/#website\"},\"datePublished\":\"2016-02-09T15:05:17+00:00\",\"dateModified\":\"2021-10-01T15:48:42+00:00\",\"breadcrumb\":{\"@id\":\"https:\/\/cidti.com.co\/cidti40\/laboratorio-iot-y-servicios-de-prototipado-y-3d\/#breadcrumb\"},\"inLanguage\":\"es\",\"potentialAction\":[{\"@type\":\"ReadAction\",\"target\":[\"https:\/\/cidti.com.co\/cidti40\/laboratorio-iot-y-servicios-de-prototipado-y-3d\/\"]}]},{\"@type\":\"BreadcrumbList\",\"@id\":\"https:\/\/cidti.com.co\/cidti40\/laboratorio-iot-y-servicios-de-prototipado-y-3d\/#breadcrumb\",\"itemListElement\":[{\"@type\":\"ListItem\",\"position\":1,\"name\":\"Home\",\"item\":\"https:\/\/cidti.com.co\/cidti40\/\"},{\"@type\":\"ListItem\",\"position\":2,\"name\":\"Laboratorio IoT y servicios de prototipado y 3D\"}]},{\"@type\":\"WebSite\",\"@id\":\"https:\/\/cidti.com.co\/cidti40\/#website\",\"url\":\"https:\/\/cidti.com.co\/cidti40\/\",\"name\":\"CIDTI 40\",\"description\":\"\",\"publisher\":{\"@id\":\"https:\/\/cidti.com.co\/cidti40\/#organization\"},\"potentialAction\":[{\"@type\":\"SearchAction\",\"target\":{\"@type\":\"EntryPoint\",\"urlTemplate\":\"https:\/\/cidti.com.co\/cidti40\/?s={search_term_string}\"},\"query-input\":{\"@type\":\"PropertyValueSpecification\",\"valueRequired\":true,\"valueName\":\"search_term_string\"}}],\"inLanguage\":\"es\"},{\"@type\":\"Organization\",\"@id\":\"https:\/\/cidti.com.co\/cidti40\/#organization\",\"name\":\"CIDTI 4.0\",\"url\":\"https:\/\/cidti.com.co\/cidti40\/\",\"logo\":{\"@type\":\"ImageObject\",\"inLanguage\":\"es\",\"@id\":\"https:\/\/cidti.com.co\/cidti40\/#\/schema\/logo\/image\/\",\"url\":\"https:\/\/cidti40.com\/wp-content\/uploads\/2020\/05\/FAVICON_CIDTI-1.png\",\"contentUrl\":\"https:\/\/cidti40.com\/wp-content\/uploads\/2020\/05\/FAVICON_CIDTI-1.png\",\"width\":1067,\"height\":1067,\"caption\":\"CIDTI 4.0\"},\"image\":{\"@id\":\"https:\/\/cidti.com.co\/cidti40\/#\/schema\/logo\/image\/\"},\"sameAs\":[\"https:\/\/www.facebook.com\/CIDTI40\",\"https:\/\/www.instagram.com\/cidti40\/\",\"https:\/\/www.linkedin.com\/in\/comunicaciones-cidti\/\",\"https:\/\/www.youtube.com\/channel\/UC5JgvJy7YXifAYLqepgNcvg\/\"]}]}<\/script>\n<!-- \/ Yoast SEO plugin. -->","yoast_head_json":{"title":"Laboratorio IoT y servicios de prototipado y 3D - CIDTI 4.0","robots":{"index":"index","follow":"follow","max-snippet":"max-snippet:-1","max-image-preview":"max-image-preview:large","max-video-preview":"max-video-preview:-1"},"canonical":"https:\/\/cidti.com.co\/cidti40\/laboratorio-iot-y-servicios-de-prototipado-y-3d\/","og_locale":"es_ES","og_type":"article","og_title":"Laboratorio IoT y servicios de prototipado y 3D - CIDTI 4.0","og_description":"[vc_row css_animation=&#8221;bounceIn&#8221; css=&#8221;.vc_custom_1590198353098{margin-top: 5rem !important;}&#8221;][vc_column][vc_custom_heading text=&#8221;Laboratorio Iot, Servicios de Prototipado y 3D&#8221; font_container=&#8221;tag:h1|text_align:center|color:%2333cccc&#8221; google_fonts=&#8221;font_family:Roboto%20Condensed%3A300%2C300italic%2Cregular%2Citalic%2C700%2C700italic|font_style:700%20bold%20regular%3A700%3Anormal&#8221; css_animation=&#8221;bounceIn&#8221;][vc_single_image image=&#8221;2250&#8243; img_size=&#8221;full&#8221; alignment=&#8221;center&#8221; css_animation=&#8221;bounceIn&#8221; css=&#8221;.vc_custom_1633103289720{margin-top: 25px !important;margin-bottom: 25px !important;}&#8221;][\/vc_column][\/vc_row][vc_row css_animation=&#8221;fadeIn&#8221; css=&#8221;.vc_custom_1590198301109{margin-top: 4px !important;}&#8221;][vc_column css_animation=&#8221;none&#8221;][vc_custom_heading text=&#8221;Este laboratorio tiene como objetivo, promover el uso, conocimiento, desarrollo y aplicaci\u00f3n del IoT en la industria, los sectores de la producci\u00f3n tradicional, el comercio, el [&hellip;]","og_url":"https:\/\/cidti.com.co\/cidti40\/laboratorio-iot-y-servicios-de-prototipado-y-3d\/","og_site_name":"CIDTI 4.0","article_publisher":"https:\/\/www.facebook.com\/CIDTI40","article_modified_time":"2021-10-01T15:48:42+00:00","twitter_card":"summary_large_image","twitter_misc":{"Tiempo de lectura":"4 minutos"},"schema":{"@context":"https:\/\/schema.org","@graph":[{"@type":"WebPage","@id":"https:\/\/cidti.com.co\/cidti40\/laboratorio-iot-y-servicios-de-prototipado-y-3d\/","url":"https:\/\/cidti.com.co\/cidti40\/laboratorio-iot-y-servicios-de-prototipado-y-3d\/","name":"Laboratorio IoT y servicios de prototipado y 3D - CIDTI 4.0","isPartOf":{"@id":"https:\/\/cidti.com.co\/cidti40\/#website"},"datePublished":"2016-02-09T15:05:17+00:00","dateModified":"2021-10-01T15:48:42+00:00","breadcrumb":{"@id":"https:\/\/cidti.com.co\/cidti40\/laboratorio-iot-y-servicios-de-prototipado-y-3d\/#breadcrumb"},"inLanguage":"es","potentialAction":[{"@type":"ReadAction","target":["https:\/\/cidti.com.co\/cidti40\/laboratorio-iot-y-servicios-de-prototipado-y-3d\/"]}]},{"@type":"BreadcrumbList","@id":"https:\/\/cidti.com.co\/cidti40\/laboratorio-iot-y-servicios-de-prototipado-y-3d\/#breadcrumb","itemListElement":[{"@type":"ListItem","position":1,"name":"Home","item":"https:\/\/cidti.com.co\/cidti40\/"},{"@type":"ListItem","position":2,"name":"Laboratorio IoT y servicios de prototipado y 3D"}]},{"@type":"WebSite","@id":"https:\/\/cidti.com.co\/cidti40\/#website","url":"https:\/\/cidti.com.co\/cidti40\/","name":"CIDTI 40","description":"","publisher":{"@id":"https:\/\/cidti.com.co\/cidti40\/#organization"},"potentialAction":[{"@type":"SearchAction","target":{"@type":"EntryPoint","urlTemplate":"https:\/\/cidti.com.co\/cidti40\/?s={search_term_string}"},"query-input":{"@type":"PropertyValueSpecification","valueRequired":true,"valueName":"search_term_string"}}],"inLanguage":"es"},{"@type":"Organization","@id":"https:\/\/cidti.com.co\/cidti40\/#organization","name":"CIDTI 4.0","url":"https:\/\/cidti.com.co\/cidti40\/","logo":{"@type":"ImageObject","inLanguage":"es","@id":"https:\/\/cidti.com.co\/cidti40\/#\/schema\/logo\/image\/","url":"https:\/\/cidti40.com\/wp-content\/uploads\/2020\/05\/FAVICON_CIDTI-1.png","contentUrl":"https:\/\/cidti40.com\/wp-content\/uploads\/2020\/05\/FAVICON_CIDTI-1.png","width":1067,"height":1067,"caption":"CIDTI 4.0"},"image":{"@id":"https:\/\/cidti.com.co\/cidti40\/#\/schema\/logo\/image\/"},"sameAs":["https:\/\/www.facebook.com\/CIDTI40","https:\/\/www.instagram.com\/cidti40\/","https:\/\/www.linkedin.com\/in\/comunicaciones-cidti\/","https:\/\/www.youtube.com\/channel\/UC5JgvJy7YXifAYLqepgNcvg\/"]}]}},"_links":{"self":[{"href":"https:\/\/cidti.com.co\/cidti40\/wp-json\/wp\/v2\/pages\/187"}],"collection":[{"href":"https:\/\/cidti.com.co\/cidti40\/wp-json\/wp\/v2\/pages"}],"about":[{"href":"https:\/\/cidti.com.co\/cidti40\/wp-json\/wp\/v2\/types\/page"}],"author":[{"embeddable":true,"href":"https:\/\/cidti.com.co\/cidti40\/wp-json\/wp\/v2\/users\/1"}],"replies":[{"embeddable":true,"href":"https:\/\/cidti.com.co\/cidti40\/wp-json\/wp\/v2\/comments?post=187"}],"version-history":[{"count":24,"href":"https:\/\/cidti.com.co\/cidti40\/wp-json\/wp\/v2\/pages\/187\/revisions"}],"predecessor-version":[{"id":2251,"href":"https:\/\/cidti.com.co\/cidti40\/wp-json\/wp\/v2\/pages\/187\/revisions\/2251"}],"wp:attachment":[{"href":"https:\/\/cidti.com.co\/cidti40\/wp-json\/wp\/v2\/media?parent=187"}],"curies":[{"name":"wp","href":"https:\/\/api.w.org\/{rel}","templated":true}]}}