{"id":263,"date":"2016-02-10T11:28:33","date_gmt":"2016-02-10T11:28:33","guid":{"rendered":"http:\/\/cidti40.com\/?page_id=263"},"modified":"2021-10-01T10:49:29","modified_gmt":"2021-10-01T15:49:29","slug":"laboratorio-de-simulacion-realidad-virtual-y-realidad-aumentada","status":"publish","type":"page","link":"https:\/\/cidti.com.co\/cidti40\/laboratorio-de-simulacion-realidad-virtual-y-realidad-aumentada\/","title":{"rendered":"Laboratorio de  Simulaci\u00f3n, Realidad Virtual y Realidad Aumentada"},"content":{"rendered":"<div class=\"wpb-content-wrapper\"><p>[vc_row css_animation=&#8221;bounceIn&#8221; css=&#8221;.vc_custom_1590198353098{margin-top: 5rem !important;}&#8221;][vc_column][vc_custom_heading text=&#8221;Laboratorio Simulaci\u00f3n, Realidad Virtual y Realidad Aumentada&#8221; font_container=&#8221;tag:h1|text_align:center|color:%2333cccc&#8221; google_fonts=&#8221;font_family:Roboto%20Condensed%3A300%2C300italic%2Cregular%2Citalic%2C700%2C700italic|font_style:700%20bold%20regular%3A700%3Anormal&#8221; css_animation=&#8221;bounceIn&#8221;][vc_single_image image=&#8221;2252&#8243; img_size=&#8221;full&#8221; alignment=&#8221;center&#8221; css_animation=&#8221;bounceIn&#8221; css=&#8221;.vc_custom_1633103362566{margin-top: 25px !important;margin-bottom: 25px !important;}&#8221;][\/vc_column][\/vc_row][vc_row css_animation=&#8221;fadeIn&#8221; css=&#8221;.vc_custom_1590198301109{margin-top: 4px !important;}&#8221;][vc_column css_animation=&#8221;none&#8221;][vc_custom_heading text=&#8221;El Laboratorio de Simulaci\u00f3n y Realidad Aumentada tiene como meta, contribuir a la transformaci\u00f3n digital del tejido empresarial tradicional y el descubrimiento de nuevos negocios a trav\u00e9s del uso de las nuevas tecnolog\u00edas.<\/BR><br \/>\nMediante nuestros servicios de asesor\u00eda, demostraci\u00f3n e investigaci\u00f3n, apoyamos a las empresas de la industria tradicional, emprendimientos y las nuevas empresas que hacen parte de la Industria 4.0  para que logren mejorar sus procesos productivos a trav\u00e9s de la Realidad Virtual, Aumentada y Mixta.&#8221; font_container=&#8221;tag:div|text_align:justify&#8221; google_fonts=&#8221;font_family:Roboto%20Condensed%3A300%2C300italic%2Cregular%2Citalic%2C700%2C700italic|font_style:400%20regular%3A400%3Anormal&#8221; css_animation=&#8221;bounceIn&#8221;][\/vc_column][\/vc_row][vc_row css_animation=&#8221;fadeInUp&#8221; css=&#8221;.vc_custom_1590198203087{margin-top: 5px !important;}&#8221;][vc_column width=&#8221;1\/2&#8243; css=&#8221;.vc_custom_1590005288418{margin-top: 10px !important;margin-bottom: 35px !important;}&#8221;][vc_custom_heading text=&#8221;Ofrecemos tecnolog\u00eda de punta para las empresas. Nuestro equipo de  expertos ha estado investigando sobre la aplicaci\u00f3n de nuevas tecnolog\u00edas en temas relacionados con la transformaci\u00f3n digital en el marco del desarrollo de territorios inteligentes, entre ellas la aplicaci\u00f3n de la realidad virtual y aumentada, el uso seguro de robots, gemelos digitales e inteligencia artificial. Los usuarios pueden acudir a nosotros para prepararse para los desaf\u00edos futuros y trabajar en equipo para desarrollar soluciones inteligentes, eficientes, y sostenibles.&#8221; font_container=&#8221;tag:div|text_align:justify&#8221; google_fonts=&#8221;font_family:Roboto%20Condensed%3A300%2C300italic%2Cregular%2Citalic%2C700%2C700italic|font_style:400%20regular%3A400%3Anormal&#8221; css_animation=&#8221;bounceIn&#8221;][vc_custom_heading text=&#8221;En el Laboratorio, acompa\u00f1amos a nuestros clientes en el an\u00e1lisis de las estructuras existentes, para encontrar la tecnolog\u00eda adecuada, y acompa\u00f1arlos en el desarrollo de proyectos que logren garantizar soluciones hol\u00edsticas e inteligentes a sus proyectos.&#8221; font_container=&#8221;tag:div|text_align:justify&#8221; google_fonts=&#8221;font_family:Roboto%20Condensed%3A300%2C300italic%2Cregular%2Citalic%2C700%2C700italic|font_style:400%20regular%3A400%3Anormal&#8221; css_animation=&#8221;bounceIn&#8221; css=&#8221;.vc_custom_1595607041193{margin-top: 25px !important;}&#8221;][vc_custom_heading text=&#8221;Promovemos el uso de la realidad virtual como una herramienta tecnol\u00f3gica, no s\u00f3lo para la visualizaci\u00f3n y simulaci\u00f3n de experiencias, tambi\u00e9n como una herramienta que aporta soluciones a los problemas de la vida real. Bajo este precepto, nuestros servicios de demostraci\u00f3n pretenden detectar y tratar dichos problemas como por ejemplo, el entrenamiento de operarios para nuevas l\u00edneas de producci\u00f3n que a\u00fan no est\u00e1n instaladas u operativas, logrando disminuir el nivel de riesgo de accidentes laborales, y de esta manera ayudar en la toma de decisiones m\u00e1s inteligentes basadas en datos.&#8221; font_container=&#8221;tag:div|text_align:justify&#8221; google_fonts=&#8221;font_family:Roboto%20Condensed%3A300%2C300italic%2Cregular%2Citalic%2C700%2C700italic|font_style:400%20regular%3A400%3Anormal&#8221; css_animation=&#8221;bounceIn&#8221; css=&#8221;.vc_custom_1594483791354{margin-top: 25px !important;}&#8221;][\/vc_column][vc_column css_animation=&#8221;none&#8221; width=&#8221;1\/2&#8243;][vc_single_image image=&#8221;1208&#8243; img_size=&#8221;full&#8221; alignment=&#8221;center&#8221; css_animation=&#8221;bounceIn&#8221; css=&#8221;.vc_custom_1594330929779{margin-top: 25px !important;margin-bottom: 25px !important;}&#8221;][\/vc_column][\/vc_row]<\/p>\n<\/div>","protected":false},"excerpt":{"rendered":"<p>[vc_row css_animation=&#8221;bounceIn&#8221; css=&#8221;.vc_custom_1590198353098{margin-top: 5rem !important;}&#8221;][vc_column][vc_custom_heading text=&#8221;Laboratorio Simulaci\u00f3n, Realidad Virtual y Realidad Aumentada&#8221; font_container=&#8221;tag:h1|text_align:center|color:%2333cccc&#8221; google_fonts=&#8221;font_family:Roboto%20Condensed%3A300%2C300italic%2Cregular%2Citalic%2C700%2C700italic|font_style:700%20bold%20regular%3A700%3Anormal&#8221; css_animation=&#8221;bounceIn&#8221;][vc_single_image image=&#8221;2252&#8243; img_size=&#8221;full&#8221; alignment=&#8221;center&#8221; css_animation=&#8221;bounceIn&#8221; css=&#8221;.vc_custom_1633103362566{margin-top: 25px !important;margin-bottom: 25px !important;}&#8221;][\/vc_column][\/vc_row][vc_row css_animation=&#8221;fadeIn&#8221; css=&#8221;.vc_custom_1590198301109{margin-top: 4px !important;}&#8221;][vc_column css_animation=&#8221;none&#8221;][vc_custom_heading text=&#8221;El Laboratorio de Simulaci\u00f3n y Realidad Aumentada tiene como meta, contribuir a la transformaci\u00f3n digital del tejido empresarial tradicional y el descubrimiento de nuevos negocios a [&hellip;]<\/p>\n","protected":false},"author":1,"featured_media":0,"parent":0,"menu_order":0,"comment_status":"closed","ping_status":"closed","template":"","meta":{"footnotes":""},"yoast_head":"<!-- This site is optimized with the Yoast SEO plugin v24.5 - https:\/\/yoast.com\/wordpress\/plugins\/seo\/ -->\n<title>Laboratorio de Simulaci\u00f3n, Realidad Virtual y Realidad Aumentada - CIDTI 4.0<\/title>\n<meta name=\"robots\" content=\"index, follow, max-snippet:-1, max-image-preview:large, max-video-preview:-1\" \/>\n<link rel=\"canonical\" href=\"https:\/\/cidti.com.co\/cidti40\/laboratorio-de-simulacion-realidad-virtual-y-realidad-aumentada\/\" \/>\n<meta property=\"og:locale\" content=\"es_ES\" \/>\n<meta property=\"og:type\" content=\"article\" \/>\n<meta property=\"og:title\" content=\"Laboratorio de Simulaci\u00f3n, Realidad Virtual y Realidad Aumentada - CIDTI 4.0\" \/>\n<meta property=\"og:description\" content=\"[vc_row css_animation=&#8221;bounceIn&#8221; css=&#8221;.vc_custom_1590198353098{margin-top: 5rem !important;}&#8221;][vc_column][vc_custom_heading text=&#8221;Laboratorio Simulaci\u00f3n, Realidad Virtual y Realidad Aumentada&#8221; font_container=&#8221;tag:h1|text_align:center|color:%2333cccc&#8221; google_fonts=&#8221;font_family:Roboto%20Condensed%3A300%2C300italic%2Cregular%2Citalic%2C700%2C700italic|font_style:700%20bold%20regular%3A700%3Anormal&#8221; css_animation=&#8221;bounceIn&#8221;][vc_single_image image=&#8221;2252&#8243; img_size=&#8221;full&#8221; alignment=&#8221;center&#8221; css_animation=&#8221;bounceIn&#8221; css=&#8221;.vc_custom_1633103362566{margin-top: 25px !important;margin-bottom: 25px !important;}&#8221;][\/vc_column][\/vc_row][vc_row css_animation=&#8221;fadeIn&#8221; css=&#8221;.vc_custom_1590198301109{margin-top: 4px !important;}&#8221;][vc_column css_animation=&#8221;none&#8221;][vc_custom_heading text=&#8221;El Laboratorio de Simulaci\u00f3n y Realidad Aumentada tiene como meta, contribuir a la transformaci\u00f3n digital del tejido empresarial tradicional y el descubrimiento de nuevos negocios a [&hellip;]\" \/>\n<meta property=\"og:url\" content=\"https:\/\/cidti.com.co\/cidti40\/laboratorio-de-simulacion-realidad-virtual-y-realidad-aumentada\/\" \/>\n<meta property=\"og:site_name\" content=\"CIDTI 4.0\" \/>\n<meta property=\"article:publisher\" content=\"https:\/\/www.facebook.com\/CIDTI40\" \/>\n<meta property=\"article:modified_time\" content=\"2021-10-01T15:49:29+00:00\" \/>\n<meta name=\"twitter:card\" content=\"summary_large_image\" \/>\n<meta name=\"twitter:label1\" content=\"Tiempo de lectura\" \/>\n\t<meta name=\"twitter:data1\" content=\"3 minutos\" \/>\n<script type=\"application\/ld+json\" class=\"yoast-schema-graph\">{\"@context\":\"https:\/\/schema.org\",\"@graph\":[{\"@type\":\"WebPage\",\"@id\":\"https:\/\/cidti.com.co\/cidti40\/laboratorio-de-simulacion-realidad-virtual-y-realidad-aumentada\/\",\"url\":\"https:\/\/cidti.com.co\/cidti40\/laboratorio-de-simulacion-realidad-virtual-y-realidad-aumentada\/\",\"name\":\"Laboratorio de Simulaci\u00f3n, Realidad Virtual y Realidad Aumentada - CIDTI 4.0\",\"isPartOf\":{\"@id\":\"https:\/\/cidti.com.co\/cidti40\/#website\"},\"datePublished\":\"2016-02-10T11:28:33+00:00\",\"dateModified\":\"2021-10-01T15:49:29+00:00\",\"breadcrumb\":{\"@id\":\"https:\/\/cidti.com.co\/cidti40\/laboratorio-de-simulacion-realidad-virtual-y-realidad-aumentada\/#breadcrumb\"},\"inLanguage\":\"es\",\"potentialAction\":[{\"@type\":\"ReadAction\",\"target\":[\"https:\/\/cidti.com.co\/cidti40\/laboratorio-de-simulacion-realidad-virtual-y-realidad-aumentada\/\"]}]},{\"@type\":\"BreadcrumbList\",\"@id\":\"https:\/\/cidti.com.co\/cidti40\/laboratorio-de-simulacion-realidad-virtual-y-realidad-aumentada\/#breadcrumb\",\"itemListElement\":[{\"@type\":\"ListItem\",\"position\":1,\"name\":\"Home\",\"item\":\"https:\/\/cidti.com.co\/cidti40\/\"},{\"@type\":\"ListItem\",\"position\":2,\"name\":\"Laboratorio de Simulaci\u00f3n, Realidad Virtual y Realidad Aumentada\"}]},{\"@type\":\"WebSite\",\"@id\":\"https:\/\/cidti.com.co\/cidti40\/#website\",\"url\":\"https:\/\/cidti.com.co\/cidti40\/\",\"name\":\"CIDTI 40\",\"description\":\"\",\"publisher\":{\"@id\":\"https:\/\/cidti.com.co\/cidti40\/#organization\"},\"potentialAction\":[{\"@type\":\"SearchAction\",\"target\":{\"@type\":\"EntryPoint\",\"urlTemplate\":\"https:\/\/cidti.com.co\/cidti40\/?s={search_term_string}\"},\"query-input\":{\"@type\":\"PropertyValueSpecification\",\"valueRequired\":true,\"valueName\":\"search_term_string\"}}],\"inLanguage\":\"es\"},{\"@type\":\"Organization\",\"@id\":\"https:\/\/cidti.com.co\/cidti40\/#organization\",\"name\":\"CIDTI 4.0\",\"url\":\"https:\/\/cidti.com.co\/cidti40\/\",\"logo\":{\"@type\":\"ImageObject\",\"inLanguage\":\"es\",\"@id\":\"https:\/\/cidti.com.co\/cidti40\/#\/schema\/logo\/image\/\",\"url\":\"https:\/\/cidti40.com\/wp-content\/uploads\/2020\/05\/FAVICON_CIDTI-1.png\",\"contentUrl\":\"https:\/\/cidti40.com\/wp-content\/uploads\/2020\/05\/FAVICON_CIDTI-1.png\",\"width\":1067,\"height\":1067,\"caption\":\"CIDTI 4.0\"},\"image\":{\"@id\":\"https:\/\/cidti.com.co\/cidti40\/#\/schema\/logo\/image\/\"},\"sameAs\":[\"https:\/\/www.facebook.com\/CIDTI40\",\"https:\/\/www.instagram.com\/cidti40\/\",\"https:\/\/www.linkedin.com\/in\/comunicaciones-cidti\/\",\"https:\/\/www.youtube.com\/channel\/UC5JgvJy7YXifAYLqepgNcvg\/\"]}]}<\/script>\n<!-- \/ Yoast SEO plugin. -->","yoast_head_json":{"title":"Laboratorio de Simulaci\u00f3n, Realidad Virtual y Realidad Aumentada - CIDTI 4.0","robots":{"index":"index","follow":"follow","max-snippet":"max-snippet:-1","max-image-preview":"max-image-preview:large","max-video-preview":"max-video-preview:-1"},"canonical":"https:\/\/cidti.com.co\/cidti40\/laboratorio-de-simulacion-realidad-virtual-y-realidad-aumentada\/","og_locale":"es_ES","og_type":"article","og_title":"Laboratorio de Simulaci\u00f3n, Realidad Virtual y Realidad Aumentada - CIDTI 4.0","og_description":"[vc_row css_animation=&#8221;bounceIn&#8221; css=&#8221;.vc_custom_1590198353098{margin-top: 5rem !important;}&#8221;][vc_column][vc_custom_heading text=&#8221;Laboratorio Simulaci\u00f3n, Realidad Virtual y Realidad Aumentada&#8221; font_container=&#8221;tag:h1|text_align:center|color:%2333cccc&#8221; google_fonts=&#8221;font_family:Roboto%20Condensed%3A300%2C300italic%2Cregular%2Citalic%2C700%2C700italic|font_style:700%20bold%20regular%3A700%3Anormal&#8221; css_animation=&#8221;bounceIn&#8221;][vc_single_image image=&#8221;2252&#8243; img_size=&#8221;full&#8221; alignment=&#8221;center&#8221; css_animation=&#8221;bounceIn&#8221; css=&#8221;.vc_custom_1633103362566{margin-top: 25px !important;margin-bottom: 25px !important;}&#8221;][\/vc_column][\/vc_row][vc_row css_animation=&#8221;fadeIn&#8221; css=&#8221;.vc_custom_1590198301109{margin-top: 4px !important;}&#8221;][vc_column css_animation=&#8221;none&#8221;][vc_custom_heading text=&#8221;El Laboratorio de Simulaci\u00f3n y Realidad Aumentada tiene como meta, contribuir a la transformaci\u00f3n digital del tejido empresarial tradicional y el descubrimiento de nuevos negocios a [&hellip;]","og_url":"https:\/\/cidti.com.co\/cidti40\/laboratorio-de-simulacion-realidad-virtual-y-realidad-aumentada\/","og_site_name":"CIDTI 4.0","article_publisher":"https:\/\/www.facebook.com\/CIDTI40","article_modified_time":"2021-10-01T15:49:29+00:00","twitter_card":"summary_large_image","twitter_misc":{"Tiempo de lectura":"3 minutos"},"schema":{"@context":"https:\/\/schema.org","@graph":[{"@type":"WebPage","@id":"https:\/\/cidti.com.co\/cidti40\/laboratorio-de-simulacion-realidad-virtual-y-realidad-aumentada\/","url":"https:\/\/cidti.com.co\/cidti40\/laboratorio-de-simulacion-realidad-virtual-y-realidad-aumentada\/","name":"Laboratorio de Simulaci\u00f3n, Realidad Virtual y Realidad Aumentada - CIDTI 4.0","isPartOf":{"@id":"https:\/\/cidti.com.co\/cidti40\/#website"},"datePublished":"2016-02-10T11:28:33+00:00","dateModified":"2021-10-01T15:49:29+00:00","breadcrumb":{"@id":"https:\/\/cidti.com.co\/cidti40\/laboratorio-de-simulacion-realidad-virtual-y-realidad-aumentada\/#breadcrumb"},"inLanguage":"es","potentialAction":[{"@type":"ReadAction","target":["https:\/\/cidti.com.co\/cidti40\/laboratorio-de-simulacion-realidad-virtual-y-realidad-aumentada\/"]}]},{"@type":"BreadcrumbList","@id":"https:\/\/cidti.com.co\/cidti40\/laboratorio-de-simulacion-realidad-virtual-y-realidad-aumentada\/#breadcrumb","itemListElement":[{"@type":"ListItem","position":1,"name":"Home","item":"https:\/\/cidti.com.co\/cidti40\/"},{"@type":"ListItem","position":2,"name":"Laboratorio de Simulaci\u00f3n, Realidad Virtual y Realidad Aumentada"}]},{"@type":"WebSite","@id":"https:\/\/cidti.com.co\/cidti40\/#website","url":"https:\/\/cidti.com.co\/cidti40\/","name":"CIDTI 40","description":"","publisher":{"@id":"https:\/\/cidti.com.co\/cidti40\/#organization"},"potentialAction":[{"@type":"SearchAction","target":{"@type":"EntryPoint","urlTemplate":"https:\/\/cidti.com.co\/cidti40\/?s={search_term_string}"},"query-input":{"@type":"PropertyValueSpecification","valueRequired":true,"valueName":"search_term_string"}}],"inLanguage":"es"},{"@type":"Organization","@id":"https:\/\/cidti.com.co\/cidti40\/#organization","name":"CIDTI 4.0","url":"https:\/\/cidti.com.co\/cidti40\/","logo":{"@type":"ImageObject","inLanguage":"es","@id":"https:\/\/cidti.com.co\/cidti40\/#\/schema\/logo\/image\/","url":"https:\/\/cidti40.com\/wp-content\/uploads\/2020\/05\/FAVICON_CIDTI-1.png","contentUrl":"https:\/\/cidti40.com\/wp-content\/uploads\/2020\/05\/FAVICON_CIDTI-1.png","width":1067,"height":1067,"caption":"CIDTI 4.0"},"image":{"@id":"https:\/\/cidti.com.co\/cidti40\/#\/schema\/logo\/image\/"},"sameAs":["https:\/\/www.facebook.com\/CIDTI40","https:\/\/www.instagram.com\/cidti40\/","https:\/\/www.linkedin.com\/in\/comunicaciones-cidti\/","https:\/\/www.youtube.com\/channel\/UC5JgvJy7YXifAYLqepgNcvg\/"]}]}},"_links":{"self":[{"href":"https:\/\/cidti.com.co\/cidti40\/wp-json\/wp\/v2\/pages\/263"}],"collection":[{"href":"https:\/\/cidti.com.co\/cidti40\/wp-json\/wp\/v2\/pages"}],"about":[{"href":"https:\/\/cidti.com.co\/cidti40\/wp-json\/wp\/v2\/types\/page"}],"author":[{"embeddable":true,"href":"https:\/\/cidti.com.co\/cidti40\/wp-json\/wp\/v2\/users\/1"}],"replies":[{"embeddable":true,"href":"https:\/\/cidti.com.co\/cidti40\/wp-json\/wp\/v2\/comments?post=263"}],"version-history":[{"count":18,"href":"https:\/\/cidti.com.co\/cidti40\/wp-json\/wp\/v2\/pages\/263\/revisions"}],"predecessor-version":[{"id":2253,"href":"https:\/\/cidti.com.co\/cidti40\/wp-json\/wp\/v2\/pages\/263\/revisions\/2253"}],"wp:attachment":[{"href":"https:\/\/cidti.com.co\/cidti40\/wp-json\/wp\/v2\/media?parent=263"}],"curies":[{"name":"wp","href":"https:\/\/api.w.org\/{rel}","templated":true}]}}