{"id":527,"date":"2016-02-23T14:44:16","date_gmt":"2016-02-23T14:44:16","guid":{"rendered":"http:\/\/cidti40.com\/?page_id=527"},"modified":"2025-04-23T12:32:47","modified_gmt":"2025-04-23T17:32:47","slug":"cidti-4-0","status":"publish","type":"page","link":"https:\/\/cidti.com.co\/cidti40\/","title":{"rendered":"Inicio"},"content":{"rendered":"<div class=\"wpb-content-wrapper\"><p>[vc_row][vc_column][vc_single_image image=&#8221;2443&#8243; img_size=&#8221;full&#8221;][\/vc_column][\/vc_row][vc_row css_animation=&#8221;zoomIn&#8221; css=&#8221;.vc_custom_1588892357900{margin-top: 80px !important;margin-bottom: 10px !important;}&#8221;][vc_column width=&#8221;1\/4&#8243;][\/vc_column][vc_column width=&#8221;1\/2&#8243; offset=&#8221;vc_hidden-lg vc_hidden-md vc_hidden-sm vc_hidden-xs&#8221;][vc_raw_html]JTNDaWZyYW1lJTIwc3JjJTNEJTIyaHR0cHMlM0ElMkYlMkZ3d3cuZmFjZWJvb2suY29tJTJGcGx1Z2lucyUyRnZpZGVvLnBocCUzRmhyZWYlM0RodHRwcyUyNTNBJTI1MkYlMjUyRnd3dy5mYWNlYm9vay5jb20lMjUyRkNJRFRJNDAlMjUyRnZpZGVvcyUyNTJGMzU2NzE0Njg4OTE0ODEyJTI1MkYlMjZ3aWR0aCUzRDEyODAlMjIlMjB3aWR0aCUzRCUyMjEyODAlMjIlMjBoZWlnaHQlM0QlMjI3MjAlMjIlMjBzdHlsZSUzRCUyMmJvcmRlciUzQW5vbmUlM0JvdmVyZmxvdyUzQWhpZGRlbiUyMiUyMHNjcm9sbGluZyUzRCUyMm5vJTIyJTIwZnJhbWVib3JkZXIlM0QlMjIwJTIyJTIwYWxsb3dmdWxsc2NyZWVuJTNEJTIydHJ1ZSUyMiUyMGFsbG93JTNEJTIyYXV0b3BsYXklM0IlMjBjbGlwYm9hcmQtd3JpdGUlM0IlMjBlbmNyeXB0ZWQtbWVkaWElM0IlMjBwaWN0dXJlLWluLXBpY3R1cmUlM0IlMjB3ZWItc2hhcmUlMjIlMjBhbGxvd0Z1bGxTY3JlZW4lM0QlMjJ0cnVlJTIyJTNFJTNDJTJGaWZyYW1lJTNF[\/vc_raw_html][\/vc_column][vc_column width=&#8221;1\/4&#8243;][\/vc_column][\/vc_row][vc_row css_animation=&#8221;zoomIn&#8221; css=&#8221;.vc_custom_1588892357900{margin-top: 80px !important;margin-bottom: 10px !important;}&#8221;][vc_column][vc_custom_heading text=&#8221;Qui\u00e9nes Somos&#8221; font_container=&#8221;tag:h1|text_align:center|color:%2333cccc&#8221; google_fonts=&#8221;font_family:Roboto%20Condensed%3A300%2C300italic%2Cregular%2Citalic%2C700%2C700italic|font_style:700%20bold%20regular%3A700%3Anormal&#8221; css_animation=&#8221;flipInY&#8221; css=&#8221;.vc_custom_1588891996163{border-bottom-width: 15px !important;}&#8221;][\/vc_column][\/vc_row][vc_row css=&#8221;.vc_custom_1588892443450{margin-top: 35px !important;margin-bottom: 80px !important;}&#8221;][vc_column width=&#8221;1\/2&#8243;][vc_video link=&#8221;https:\/\/youtu.be\/Lb3BPxS4Wbo&#8221;][\/vc_column][vc_column width=&#8221;1\/2&#8243; css=&#8221;.vc_custom_1651864937495{border-top-width: 8px !important;border-bottom-width: 8px !important;}&#8221;][vc_custom_heading text=&#8221;&#8221; font_container=&#8221;tag:div|text_align:justify&#8221; google_fonts=&#8221;font_family:Roboto%20Condensed%3A300%2C300italic%2Cregular%2Citalic%2C700%2C700italic|font_style:400%20regular%3A400%3Anormal&#8221; css_animation=&#8221;bounceIn&#8221; css=&#8221;.vc_custom_1732593040894{border-top-width: 10px !important;border-right-width: 10px !important;border-bottom-width: 10px !important;border-left-width: 10px !important;}&#8221;][vc_custom_heading text=&#8221;El Cidti 4.0 es una empresa de econom\u00eda mixta con amplia experiencia en el desarrollo de proyectos tecnol\u00f3gicos de transformaci\u00f3n digital y territorios inteligentes<\/p>\n<p>Como centro tecnol\u00f3gico de pensamiento, innovaci\u00f3n y desarrollo, tiene como meta, acompa\u00f1ar a las empresas privadas y entidades p\u00fablicas en su proceso de transformaci\u00f3n digital, ruta hacia la Industria 4.0 y as\u00ed contribuir a la construcci\u00f3n de territorios inteligentes.&#8221; font_container=&#8221;tag:div|text_align:justify&#8221; google_fonts=&#8221;font_family:Roboto%20Condensed%3A300%2C300italic%2Cregular%2Citalic%2C700%2C700italic|font_style:400%20regular%3A400%3Anormal&#8221; css_animation=&#8221;bounceIn&#8221;]<a href=\"http:\/\/cidti40.com\/cidti-40\/\" data-animation=\"animated zoomIn normal\" class=\"sc_button sc_button_square sc_button_style_border sc_button_size_small aligncenter  sc_button_iconed none sc_popup_link\">Ver m\u00e1s<\/a>[\/vc_column][\/vc_row][vc_row css=&#8221;.vc_custom_1613160952604{margin-bottom: 15px !important;}&#8221;][vc_column][vc_custom_heading text=&#8221;Laboratorios&#8221; font_container=&#8221;tag:h1|text_align:center|color:%2333cccc&#8221; google_fonts=&#8221;font_family:Roboto%20Condensed%3A300%2C300italic%2Cregular%2Citalic%2C700%2C700italic|font_style:700%20bold%20regular%3A700%3Anormal&#8221; css_animation=&#8221;bottom-to-top&#8221;][\/vc_column][\/vc_row][vc_row css=&#8221;.vc_custom_1614872774778{margin-bottom: 10px !important;}&#8221;][vc_column css_animation=&#8221;bounceInLeft&#8221; width=&#8221;1\/4&#8243; css=&#8221;.vc_custom_1651865378687{margin-top: 2px !important;margin-bottom: 2px !important;}&#8221;][vc_single_image image=&#8221;711&#8243; img_size=&#8221;medium&#8221; alignment=&#8221;center&#8221; onclick=&#8221;custom_link&#8221; css_animation=&#8221;flipInY&#8221; css=&#8221;.vc_custom_1589045902287{margin-bottom: 15px !important;}&#8221;][vc_custom_heading text=&#8221;Ciberseguridad&#8221; font_container=&#8221;tag:h2|text_align:center&#8221; google_fonts=&#8221;font_family:Roboto%20Condensed%3A300%2C300italic%2Cregular%2Citalic%2C700%2C700italic|font_style:700%20bold%20regular%3A700%3Anormal&#8221; css=&#8221;.vc_custom_1594314976470{margin-top: 3px !important;margin-bottom: 15px !important;}&#8221;][vc_empty_space height=&#8221;10px&#8221;][vc_custom_heading text=&#8221;La seguridad de la informaci\u00f3n es una tendencia que cada d\u00eda cobra m\u00e1s valor en estos \u00faltimos a\u00f1os. La transformaci\u00f3n digital en la que se ven envueltas las empresas las obliga a poner m\u00e1s atenci\u00f3n a las nuevas pol\u00edticas de seguridad.&#8221; font_container=&#8221;tag:p|text_align:center&#8221; google_fonts=&#8221;font_family:Roboto%20Condensed%3A300%2C300italic%2Cregular%2Citalic%2C700%2C700italic|font_style:400%20regular%3A400%3Anormal&#8221; css_animation=&#8221;bounceInLeft&#8221;][vc_empty_space height=&#8221;30px&#8221;]<a href=\"https:\/\/cidti.com.co\/cidti40\/laboratorio-de-ciberseguridad\/\" class=\"sc_button sc_button_square sc_button_style_border sc_button_size_small aligncenter  sc_button_iconed none sc_popup_link\" style=\"````\">Ver m\u00e1s<\/a>[\/vc_column][vc_column css_animation=&#8221;bounceInLeft&#8221; width=&#8221;1\/4&#8243; css=&#8221;.vc_custom_1651865342651{margin-top: -1px !important;margin-bottom: -1px !important;}&#8221;][vc_single_image image=&#8221;708&#8243; img_size=&#8221;medium&#8221; alignment=&#8221;center&#8221; onclick=&#8221;custom_link&#8221; css_animation=&#8221;flipInY&#8221; css=&#8221;.vc_custom_1589045506665{margin-bottom: 15px !important;}&#8221;][vc_custom_heading text=&#8221;IA y Big Data&#8221; font_container=&#8221;tag:h2|text_align:center&#8221; google_fonts=&#8221;font_family:Roboto%20Condensed%3A300%2C300italic%2Cregular%2Citalic%2C700%2C700italic|font_style:700%20bold%20regular%3A700%3Anormal&#8221; css=&#8221;.vc_custom_1594314797109{margin-top: 3px !important;margin-bottom: 15px !important;}&#8221; link=&#8221;|||&#8221;][vc_empty_space height=&#8221;10px&#8221;][vc_custom_heading text=&#8221;Busca facilitar el aprovechamiento de la tecnol\u00f3gia por parte la sociedad, mediante capacitaci\u00f3n, acompa\u00f1amiento, implementaci\u00f3n de proyectos que requieren procesar grandes vol\u00famenes de datos para generaci\u00f3n de informaci\u00f3n y conocimiento.&#8221; font_container=&#8221;tag:p|text_align:center&#8221; google_fonts=&#8221;font_family:Roboto%20Condensed%3A300%2C300italic%2Cregular%2Citalic%2C700%2C700italic|font_style:400%20regular%3A400%3Anormal&#8221; css_animation=&#8221;bounceInLeft&#8221;][vc_empty_space height=&#8221;10px&#8221;]<a href=\"https:\/\/cidti.com.co\/cidti40\/laboratorio-de-big-data-e-inteligencia-artificial\/\" class=\"sc_button sc_button_square sc_button_style_border sc_button_size_small aligncenter  sc_button_iconed none sc_popup_link\" style=\"````\">Ver m\u00e1s<\/a>[\/vc_column][vc_column css_animation=&#8221;bounceInRight&#8221; width=&#8221;1\/4&#8243; css=&#8221;.vc_custom_1651865187436{margin-top: 0px !important;margin-bottom: 0px !important;}&#8221;][vc_single_image image=&#8221;814&#8243; img_size=&#8221;medium&#8221; alignment=&#8221;center&#8221; onclick=&#8221;custom_link&#8221; css_animation=&#8221;flipInY&#8221; css=&#8221;.vc_custom_1651864874574{margin-bottom: 15px !important;}&#8221;][vc_custom_heading text=&#8221;IoT y servicios de prototipado y 3D&#8221; font_container=&#8221;tag:h2|text_align:center&#8221; google_fonts=&#8221;font_family:Roboto%20Condensed%3A300%2C300italic%2Cregular%2Citalic%2C700%2C700italic|font_style:700%20bold%20regular%3A700%3Anormal&#8221; css=&#8221;.vc_custom_1594407054724{margin-top: 3px !important;margin-bottom: 15px !important;}&#8221;][vc_empty_space height=&#8221;15px&#8221;][vc_empty_space height=&#8221;10px&#8221;][vc_custom_heading text=&#8221;Promover el uso, el conocimiento, el desarrollo y aplicaci\u00f3n del IoT, en la industria, sectores de producci\u00f3n tradicional, comercio, hogar y academia, as\u00ed como del proceso de transformaci\u00f3n digital.&#8221; font_container=&#8221;tag:p|text_align:center&#8221; google_fonts=&#8221;font_family:Roboto%20Condensed%3A300%2C300italic%2Cregular%2Citalic%2C700%2C700italic|font_style:400%20regular%3A400%3Anormal&#8221; css_animation=&#8221;fadeInRight&#8221; css=&#8221;.vc_custom_1651866041670{margin-top: -16px !important;margin-bottom: 39px !important;}&#8221;]<a href=\"https:\/\/cidti.com.co\/cidti40\/laboratorio-iot-y-servicios-de-prototipado-y-3d\/\" class=\"sc_button sc_button_square sc_button_style_border sc_button_size_small aligncenter  sc_button_iconed none sc_popup_link\" style=\"````\">Ver m\u00e1s<\/a>[\/vc_column][vc_column css_animation=&#8221;bounceInRight&#8221; width=&#8221;1\/4&#8243; css=&#8221;.vc_custom_1651865295820{margin-top: -1px !important;margin-bottom: -1px !important;}&#8221;][vc_single_image image=&#8221;706&#8243; img_size=&#8221;medium&#8221; alignment=&#8221;center&#8221; onclick=&#8221;custom_link&#8221; css_animation=&#8221;flipInY&#8221; css=&#8221;.vc_custom_1651865749108{margin-top: -2px !important;margin-bottom: px !important;padding-top: px !important;}&#8221;][vc_custom_heading text=&#8221;Realidad Virtual y Realidad Aumentada&#8221; font_container=&#8221;tag:h2|text_align:center&#8221; google_fonts=&#8221;font_family:Roboto%20Condensed%3A300%2C300italic%2Cregular%2Citalic%2C700%2C700italic|font_style:700%20bold%20regular%3A700%3Anormal&#8221; css=&#8221;.vc_custom_1651865794951{margin-top: 15px !important;margin-bottom: px !important;}&#8221;][vc_empty_space height=&#8221;10px&#8221;][vc_custom_heading text=&#8221;Permite simular procesos productivos, productos, materiales y desarrollos tecnol\u00f3gicos pudiendo proporcionar grandes ventajas, para la soluci\u00f3n de problemas y retos tecnol\u00f3gicos que promuevan la industria 4.0&#8243; font_container=&#8221;tag:p|text_align:center&#8221; google_fonts=&#8221;font_family:Roboto%20Condensed%3A300%2C300italic%2Cregular%2Citalic%2C700%2C700italic|font_style:400%20regular%3A400%3Anormal&#8221; css_animation=&#8221;bounceInRight&#8221; css=&#8221;.vc_custom_1651865866669{margin-top: 14px !important;}&#8221;][vc_empty_space height=&#8221;1px&#8221;]<a href=\"https:\/\/cidti.com.co\/cidti40\/laboratorio-de-simulacion-y-realidad-aumentada\/\" class=\"sc_button sc_button_square sc_button_style_border sc_button_size_small aligncenter  sc_button_iconed none sc_popup_link\" style=\"````\">Ver m\u00e1s<\/a>[\/vc_column][\/vc_row][vc_row full_width=&#8221;stretch_row&#8221; css_animation=&#8221;fadeIn&#8221; css=&#8221;.vc_custom_1618339732937{margin-bottom: 25px !important;}&#8221;][vc_column width=&#8221;1\/4&#8243;][\/vc_column][vc_column width=&#8221;1\/4&#8243;][vc_single_image image=&#8221;1956&#8243; img_size=&#8221;medium&#8221; alignment=&#8221;center&#8221; onclick=&#8221;custom_link&#8221; css_animation=&#8221;zoomIn&#8221; css=&#8221;.vc_custom_1745352431011{padding-top: 15px !important;}&#8221; link=&#8221;https:\/\/cidti.com.co\/cidti40\/&#8221;][\/vc_column][vc_column width=&#8221;1\/4&#8243;][vc_single_image image=&#8221;2283&#8243; img_size=&#8221;medium&#8221; alignment=&#8221;center&#8221; onclick=&#8221;custom_link&#8221; img_link_target=&#8221;_blank&#8221; css_animation=&#8221;zoomIn&#8221; css=&#8221;.vc_custom_1745352310583{border-top-width: px !important;padding-top: 0px !important;padding-bottom: 10px !important;}&#8221; link=&#8221;https:\/\/cidti.com.co\/cidti40\/wp-content\/uploads\/2024\/11\/cartilla-3-V4-1.pdf&#8221;][\/vc_column][vc_column width=&#8221;1\/4&#8243;][\/vc_column][\/vc_row][vc_row css=&#8221;.vc_custom_1588896301981{margin-bottom: 15px !important;}&#8221;][vc_column][vc_custom_heading text=&#8221;Noticias&#8221; font_container=&#8221;tag:h1|text_align:center|color:%2333cccc&#8221; google_fonts=&#8221;font_family:Roboto%20Condensed%3A300%2C300italic%2Cregular%2Citalic%2C700%2C700italic|font_style:700%20bold%20regular%3A700%3Anormal&#8221; css_animation=&#8221;bottom-to-top&#8221;][\/vc_column][\/vc_row][vc_row full_width=&#8221;stretch_row_content_no_spaces&#8221; css=&#8221;.vc_custom_1588896280558{margin-top: 0px !important;}&#8221;][vc_column css=&#8221;.vc_custom_1588896144253{margin-top: 0px !important;}&#8221;]<div class=\"sc_content content_wrap\"><\/div>[\/vc_column][\/vc_row][vc_row css=&#8221;.vc_custom_1456328199285{margin-top: 6rem !important;}&#8221;][vc_column offset=&#8221;vc_hidden-lg vc_hidden-md vc_hidden-sm vc_hidden-xs&#8221;][\/vc_column][\/vc_row][vc_row css=&#8221;.vc_custom_1588896301981{margin-bottom: 15px !important;}&#8221;][vc_column][vc_custom_heading text=&#8221;Multimedia&#8221; font_container=&#8221;tag:h1|text_align:center|color:%2333cccc&#8221; google_fonts=&#8221;font_family:Roboto%20Condensed%3A300%2C300italic%2Cregular%2Citalic%2C700%2C700italic|font_style:700%20bold%20regular%3A700%3Anormal&#8221; css_animation=&#8221;bottom-to-top&#8221;][\/vc_column][\/vc_row][vc_row css=&#8221;.vc_custom_1588896301981{margin-bottom: 15px !important;}&#8221;][vc_column css_animation=&#8221;fadeInLeft&#8221; width=&#8221;1\/2&#8243;][vc_video link=&#8221;https:\/\/www.youtube.com\/playlist?list=PLE91qZv5nhqAbC70vX7BueP62Si9WhaRS&#8221;][\/vc_column][vc_column css_animation=&#8221;fadeInRight&#8221; width=&#8221;1\/2&#8243;][vc_raw_html]JTNDaWZyYW1lJTIwc3JjJTNEJTIyaHR0cHMlM0ElMkYlMkZjby5pdm9veC5jb20lMkZlcyUyRnBsYXllcl9lc19wb2RjYXN0XzEwMTY2OTNfMS5odG1sJTIyJTIwd2lkdGglM0QlMjIxMDAlMjUlMjIlMjBzdHlsZSUzRCUyMmJvcmRlciUzQSUyMDFweCUyMHNvbGlkJTIwJTIzRDdEN0Q3JTNCJTIyJTIwaGVpZ2h0JTNEJTIyNDQwJTIyJTIwZnJhbWVib3JkZXIlM0QlMjIwJTIyJTIwYWxsb3dmdWxsc2NyZWVuJTNEJTIyMCUyMiUyMHNjcm9sbGluZyUzRCUyMm5vJTIyJTIwJTNFJTNDJTJGaWZyYW1lJTNF[\/vc_raw_html][\/vc_column][\/vc_row][vc_row full_width=&#8221;stretch_row_content&#8221; css=&#8221;.vc_custom_1594307098364{margin-bottom: 0px !important;}&#8221;][vc_column]<div class=\"sc_line sc_line_position_center_center sc_line_style_solid margin_top_null margin_bottom_null\" data-animation=\"animated lightSpeedIn normal\" style=\"border-top-style:solid;border-top-color:#33cccc;\"><\/div>[\/vc_column][\/vc_row][vc_row full_width=&#8221;stretch_row_content_no_spaces&#8221; css_animation=&#8221;bounceInLeft&#8221; css=&#8221;.vc_custom_1594307113874{margin-top: 0px !important;margin-bottom: 0px !important;}&#8221;][vc_column css_animation=&#8221;fadeIn&#8221;][vc_row_inner][vc_column_inner width=&#8221;1\/6&#8243;][\/vc_column_inner][vc_column_inner width=&#8221;1\/6&#8243;][\/vc_column_inner][vc_column_inner width=&#8221;1\/6&#8243;][\/vc_column_inner][vc_column_inner width=&#8221;1\/6&#8243;][\/vc_column_inner][\/vc_row_inner][\/vc_column][\/vc_row][vc_row full_width=&#8221;stretch_row_content&#8221; css=&#8221;.vc_custom_1594315405045{margin-bottom: 15px !important;}&#8221;][vc_column]<div class=\"sc_line sc_line_position_center_center sc_line_style_solid margin_top_null margin_bottom_null\" data-animation=\"animated lightSpeedIn normal\" style=\"border-top-style:solid;border-top-color:#33cccc;\"><\/div>[\/vc_column][\/vc_row][vc_row full_width=&#8221;stretch_row&#8221; css=&#8221;.vc_custom_1456245211312{margin-bottom: -1px !important;padding-top: 2rem !important;padding-bottom: 2rem !important;background-color: #211f1d !important;}&#8221; el_class=&#8221;light_version_color&#8221;][vc_column offset=&#8221;vc_hidden-lg vc_hidden-md vc_hidden-sm vc_hidden-xs&#8221;][\/vc_column][\/vc_row][vc_row][vc_column offset=&#8221;vc_hidden-lg vc_hidden-md vc_hidden-sm vc_hidden-xs&#8221;][\/vc_column][\/vc_row][vc_row][vc_column][\/vc_column][\/vc_row]<\/p>\n<\/div>","protected":false},"excerpt":{"rendered":"<p>[vc_row][vc_column][vc_single_image image=&#8221;2443&#8243; img_size=&#8221;full&#8221;][\/vc_column][\/vc_row][vc_row css_animation=&#8221;zoomIn&#8221; css=&#8221;.vc_custom_1588892357900{margin-top: 80px !important;margin-bottom: 10px !important;}&#8221;][vc_column width=&#8221;1\/4&#8243;][\/vc_column][vc_column width=&#8221;1\/2&#8243; offset=&#8221;vc_hidden-lg vc_hidden-md vc_hidden-sm vc_hidden-xs&#8221;][vc_raw_html]JTNDaWZyYW1lJTIwc3JjJTNEJTIyaHR0cHMlM0ElMkYlMkZ3d3cuZmFjZWJvb2suY29tJTJGcGx1Z2lucyUyRnZpZGVvLnBocCUzRmhyZWYlM0RodHRwcyUyNTNBJTI1MkYlMjUyRnd3dy5mYWNlYm9vay5jb20lMjUyRkNJRFRJNDAlMjUyRnZpZGVvcyUyNTJGMzU2NzE0Njg4OTE0ODEyJTI1MkYlMjZ3aWR0aCUzRDEyODAlMjIlMjB3aWR0aCUzRCUyMjEyODAlMjIlMjBoZWlnaHQlM0QlMjI3MjAlMjIlMjBzdHlsZSUzRCUyMmJvcmRlciUzQW5vbmUlM0JvdmVyZmxvdyUzQWhpZGRlbiUyMiUyMHNjcm9sbGluZyUzRCUyMm5vJTIyJTIwZnJhbWVib3JkZXIlM0QlMjIwJTIyJTIwYWxsb3dmdWxsc2NyZWVuJTNEJTIydHJ1ZSUyMiUyMGFsbG93JTNEJTIyYXV0b3BsYXklM0IlMjBjbGlwYm9hcmQtd3JpdGUlM0IlMjBlbmNyeXB0ZWQtbWVkaWElM0IlMjBwaWN0dXJlLWluLXBpY3R1cmUlM0IlMjB3ZWItc2hhcmUlMjIlMjBhbGxvd0Z1bGxTY3JlZW4lM0QlMjJ0cnVlJTIyJTNFJTNDJTJGaWZyYW1lJTNF[\/vc_raw_html][\/vc_column][vc_column width=&#8221;1\/4&#8243;][\/vc_column][\/vc_row][vc_row css_animation=&#8221;zoomIn&#8221; css=&#8221;.vc_custom_1588892357900{margin-top: 80px !important;margin-bottom: 10px !important;}&#8221;][vc_column][vc_custom_heading text=&#8221;Qui\u00e9nes Somos&#8221; font_container=&#8221;tag:h1|text_align:center|color:%2333cccc&#8221; google_fonts=&#8221;font_family:Roboto%20Condensed%3A300%2C300italic%2Cregular%2Citalic%2C700%2C700italic|font_style:700%20bold%20regular%3A700%3Anormal&#8221; css_animation=&#8221;flipInY&#8221; css=&#8221;.vc_custom_1588891996163{border-bottom-width: 15px !important;}&#8221;][\/vc_column][\/vc_row][vc_row css=&#8221;.vc_custom_1588892443450{margin-top: 35px !important;margin-bottom: 80px !important;}&#8221;][vc_column width=&#8221;1\/2&#8243;][vc_video link=&#8221;https:\/\/youtu.be\/Lb3BPxS4Wbo&#8221;][\/vc_column][vc_column width=&#8221;1\/2&#8243; css=&#8221;.vc_custom_1651864937495{border-top-width: 8px !important;border-bottom-width: 8px !important;}&#8221;][vc_custom_heading text=&#8221;&#8221; font_container=&#8221;tag:div|text_align:justify&#8221; google_fonts=&#8221;font_family:Roboto%20Condensed%3A300%2C300italic%2Cregular%2Citalic%2C700%2C700italic|font_style:400%20regular%3A400%3Anormal&#8221; css_animation=&#8221;bounceIn&#8221; css=&#8221;.vc_custom_1732593040894{border-top-width: 10px !important;border-right-width: 10px !important;border-bottom-width: 10px !important;border-left-width: 10px [&hellip;]<\/p>\n","protected":false},"author":1,"featured_media":0,"parent":0,"menu_order":0,"comment_status":"closed","ping_status":"closed","template":"","meta":{"footnotes":""},"yoast_head":"<!-- This site is optimized with the Yoast SEO plugin v24.5 - https:\/\/yoast.com\/wordpress\/plugins\/seo\/ -->\n<title>Centro de Desarrollo Tecnol\u00f3gico para la Transformaci\u00f3n.<\/title>\n<meta name=\"description\" content=\"Centro de pensamiento y desarrollo tecnol\u00f3gico para la promoci\u00f3n de transformaci\u00f3n digital y el fortalecimiento de territorios inteligentes.\" \/>\n<meta name=\"robots\" content=\"index, follow, max-snippet:-1, max-image-preview:large, max-video-preview:-1\" \/>\n<link rel=\"canonical\" href=\"https:\/\/cidti.com.co\/cidti40\/\" \/>\n<meta property=\"og:locale\" content=\"es_ES\" \/>\n<meta property=\"og:type\" content=\"article\" \/>\n<meta property=\"og:title\" content=\"Centro de Desarrollo Tecnol\u00f3gico para la Transformaci\u00f3n.\" \/>\n<meta property=\"og:description\" content=\"Centro de pensamiento y desarrollo tecnol\u00f3gico para la promoci\u00f3n de transformaci\u00f3n digital y el fortalecimiento de territorios inteligentes.\" \/>\n<meta property=\"og:url\" content=\"https:\/\/cidti.com.co\/cidti40\/\" \/>\n<meta property=\"og:site_name\" content=\"CIDTI 4.0\" \/>\n<meta property=\"article:publisher\" content=\"https:\/\/www.facebook.com\/CIDTI40\" \/>\n<meta property=\"article:modified_time\" content=\"2025-04-23T17:32:47+00:00\" \/>\n<meta name=\"twitter:card\" content=\"summary_large_image\" \/>\n<meta name=\"twitter:label1\" content=\"Tiempo de lectura\" \/>\n\t<meta name=\"twitter:data1\" content=\"3 minutos\" \/>\n<script type=\"application\/ld+json\" class=\"yoast-schema-graph\">{\"@context\":\"https:\/\/schema.org\",\"@graph\":[{\"@type\":\"WebPage\",\"@id\":\"https:\/\/cidti.com.co\/cidti40\/\",\"url\":\"https:\/\/cidti.com.co\/cidti40\/\",\"name\":\"Centro de Desarrollo Tecnol\u00f3gico para la Transformaci\u00f3n.\",\"isPartOf\":{\"@id\":\"https:\/\/cidti.com.co\/cidti40\/#website\"},\"datePublished\":\"2016-02-23T14:44:16+00:00\",\"dateModified\":\"2025-04-23T17:32:47+00:00\",\"description\":\"Centro de pensamiento y desarrollo tecnol\u00f3gico para la promoci\u00f3n de transformaci\u00f3n digital y el fortalecimiento de territorios inteligentes.\",\"breadcrumb\":{\"@id\":\"https:\/\/cidti.com.co\/cidti40\/#breadcrumb\"},\"inLanguage\":\"es\",\"potentialAction\":[{\"@type\":\"ReadAction\",\"target\":[\"https:\/\/cidti.com.co\/cidti40\/\"]}]},{\"@type\":\"BreadcrumbList\",\"@id\":\"https:\/\/cidti.com.co\/cidti40\/#breadcrumb\",\"itemListElement\":[{\"@type\":\"ListItem\",\"position\":1,\"name\":\"Home\",\"item\":\"https:\/\/cidti.com.co\/cidti40\/\"},{\"@type\":\"ListItem\",\"position\":2,\"name\":\"Inicio\"}]},{\"@type\":\"WebSite\",\"@id\":\"https:\/\/cidti.com.co\/cidti40\/#website\",\"url\":\"https:\/\/cidti.com.co\/cidti40\/\",\"name\":\"CIDTI 40\",\"description\":\"\",\"publisher\":{\"@id\":\"https:\/\/cidti.com.co\/cidti40\/#organization\"},\"potentialAction\":[{\"@type\":\"SearchAction\",\"target\":{\"@type\":\"EntryPoint\",\"urlTemplate\":\"https:\/\/cidti.com.co\/cidti40\/?s={search_term_string}\"},\"query-input\":{\"@type\":\"PropertyValueSpecification\",\"valueRequired\":true,\"valueName\":\"search_term_string\"}}],\"inLanguage\":\"es\"},{\"@type\":\"Organization\",\"@id\":\"https:\/\/cidti.com.co\/cidti40\/#organization\",\"name\":\"CIDTI 4.0\",\"url\":\"https:\/\/cidti.com.co\/cidti40\/\",\"logo\":{\"@type\":\"ImageObject\",\"inLanguage\":\"es\",\"@id\":\"https:\/\/cidti.com.co\/cidti40\/#\/schema\/logo\/image\/\",\"url\":\"https:\/\/cidti40.com\/wp-content\/uploads\/2020\/05\/FAVICON_CIDTI-1.png\",\"contentUrl\":\"https:\/\/cidti40.com\/wp-content\/uploads\/2020\/05\/FAVICON_CIDTI-1.png\",\"width\":1067,\"height\":1067,\"caption\":\"CIDTI 4.0\"},\"image\":{\"@id\":\"https:\/\/cidti.com.co\/cidti40\/#\/schema\/logo\/image\/\"},\"sameAs\":[\"https:\/\/www.facebook.com\/CIDTI40\",\"https:\/\/www.instagram.com\/cidti40\/\",\"https:\/\/www.linkedin.com\/in\/comunicaciones-cidti\/\",\"https:\/\/www.youtube.com\/channel\/UC5JgvJy7YXifAYLqepgNcvg\/\"]}]}<\/script>\n<!-- \/ Yoast SEO plugin. -->","yoast_head_json":{"title":"Centro de Desarrollo Tecnol\u00f3gico para la Transformaci\u00f3n.","description":"Centro de pensamiento y desarrollo tecnol\u00f3gico para la promoci\u00f3n de transformaci\u00f3n digital y el fortalecimiento de territorios inteligentes.","robots":{"index":"index","follow":"follow","max-snippet":"max-snippet:-1","max-image-preview":"max-image-preview:large","max-video-preview":"max-video-preview:-1"},"canonical":"https:\/\/cidti.com.co\/cidti40\/","og_locale":"es_ES","og_type":"article","og_title":"Centro de Desarrollo Tecnol\u00f3gico para la Transformaci\u00f3n.","og_description":"Centro de pensamiento y desarrollo tecnol\u00f3gico para la promoci\u00f3n de transformaci\u00f3n digital y el fortalecimiento de territorios inteligentes.","og_url":"https:\/\/cidti.com.co\/cidti40\/","og_site_name":"CIDTI 4.0","article_publisher":"https:\/\/www.facebook.com\/CIDTI40","article_modified_time":"2025-04-23T17:32:47+00:00","twitter_card":"summary_large_image","twitter_misc":{"Tiempo de lectura":"3 minutos"},"schema":{"@context":"https:\/\/schema.org","@graph":[{"@type":"WebPage","@id":"https:\/\/cidti.com.co\/cidti40\/","url":"https:\/\/cidti.com.co\/cidti40\/","name":"Centro de Desarrollo Tecnol\u00f3gico para la Transformaci\u00f3n.","isPartOf":{"@id":"https:\/\/cidti.com.co\/cidti40\/#website"},"datePublished":"2016-02-23T14:44:16+00:00","dateModified":"2025-04-23T17:32:47+00:00","description":"Centro de pensamiento y desarrollo tecnol\u00f3gico para la promoci\u00f3n de transformaci\u00f3n digital y el fortalecimiento de territorios inteligentes.","breadcrumb":{"@id":"https:\/\/cidti.com.co\/cidti40\/#breadcrumb"},"inLanguage":"es","potentialAction":[{"@type":"ReadAction","target":["https:\/\/cidti.com.co\/cidti40\/"]}]},{"@type":"BreadcrumbList","@id":"https:\/\/cidti.com.co\/cidti40\/#breadcrumb","itemListElement":[{"@type":"ListItem","position":1,"name":"Home","item":"https:\/\/cidti.com.co\/cidti40\/"},{"@type":"ListItem","position":2,"name":"Inicio"}]},{"@type":"WebSite","@id":"https:\/\/cidti.com.co\/cidti40\/#website","url":"https:\/\/cidti.com.co\/cidti40\/","name":"CIDTI 40","description":"","publisher":{"@id":"https:\/\/cidti.com.co\/cidti40\/#organization"},"potentialAction":[{"@type":"SearchAction","target":{"@type":"EntryPoint","urlTemplate":"https:\/\/cidti.com.co\/cidti40\/?s={search_term_string}"},"query-input":{"@type":"PropertyValueSpecification","valueRequired":true,"valueName":"search_term_string"}}],"inLanguage":"es"},{"@type":"Organization","@id":"https:\/\/cidti.com.co\/cidti40\/#organization","name":"CIDTI 4.0","url":"https:\/\/cidti.com.co\/cidti40\/","logo":{"@type":"ImageObject","inLanguage":"es","@id":"https:\/\/cidti.com.co\/cidti40\/#\/schema\/logo\/image\/","url":"https:\/\/cidti40.com\/wp-content\/uploads\/2020\/05\/FAVICON_CIDTI-1.png","contentUrl":"https:\/\/cidti40.com\/wp-content\/uploads\/2020\/05\/FAVICON_CIDTI-1.png","width":1067,"height":1067,"caption":"CIDTI 4.0"},"image":{"@id":"https:\/\/cidti.com.co\/cidti40\/#\/schema\/logo\/image\/"},"sameAs":["https:\/\/www.facebook.com\/CIDTI40","https:\/\/www.instagram.com\/cidti40\/","https:\/\/www.linkedin.com\/in\/comunicaciones-cidti\/","https:\/\/www.youtube.com\/channel\/UC5JgvJy7YXifAYLqepgNcvg\/"]}]}},"_links":{"self":[{"href":"https:\/\/cidti.com.co\/cidti40\/wp-json\/wp\/v2\/pages\/527"}],"collection":[{"href":"https:\/\/cidti.com.co\/cidti40\/wp-json\/wp\/v2\/pages"}],"about":[{"href":"https:\/\/cidti.com.co\/cidti40\/wp-json\/wp\/v2\/types\/page"}],"author":[{"embeddable":true,"href":"https:\/\/cidti.com.co\/cidti40\/wp-json\/wp\/v2\/users\/1"}],"replies":[{"embeddable":true,"href":"https:\/\/cidti.com.co\/cidti40\/wp-json\/wp\/v2\/comments?post=527"}],"version-history":[{"count":242,"href":"https:\/\/cidti.com.co\/cidti40\/wp-json\/wp\/v2\/pages\/527\/revisions"}],"predecessor-version":[{"id":2488,"href":"https:\/\/cidti.com.co\/cidti40\/wp-json\/wp\/v2\/pages\/527\/revisions\/2488"}],"wp:attachment":[{"href":"https:\/\/cidti.com.co\/cidti40\/wp-json\/wp\/v2\/media?parent=527"}],"curies":[{"name":"wp","href":"https:\/\/api.w.org\/{rel}","templated":true}]}}