{"id":843,"date":"2020-05-22T14:13:18","date_gmt":"2020-05-22T19:13:18","guid":{"rendered":"http:\/\/cidti40.com\/?page_id=843"},"modified":"2020-07-24T11:33:13","modified_gmt":"2020-07-24T16:33:13","slug":"centro-de-formacion-cidti","status":"publish","type":"page","link":"https:\/\/cidti.com.co\/cidti40\/centro-de-formacion-cidti\/","title":{"rendered":"Centro de Formaci\u00f3n CIDTI"},"content":{"rendered":"<div class=\"wpb-content-wrapper\"><p>[vc_row][vc_column css=&#8221;.vc_custom_1590176753733{margin-bottom: 15px !important;}&#8221;][vc_custom_heading text=&#8221;Centro de Formaci\u00f3n CIDTI&#8221; font_container=&#8221;tag:h1|text_align:center|color:%2333cccc&#8221; google_fonts=&#8221;font_family:Roboto%20Condensed%3A300%2C300italic%2Cregular%2Citalic%2C700%2C700italic|font_style:700%20bold%20regular%3A700%3Anormal&#8221; css_animation=&#8221;bounceIn&#8221;][vc_single_image image=&#8221;854&#8243; img_size=&#8221;full&#8221; alignment=&#8221;center&#8221; css_animation=&#8221;fadeInUp&#8221; css=&#8221;.vc_custom_1591761433186{margin-top: 15px !important;}&#8221;][\/vc_column][\/vc_row][vc_row css=&#8221;.vc_custom_1590180605294{margin-top: 5px !important;}&#8221;][vc_column][vc_custom_heading text=&#8221;El Cidti 4.0 se convierte en un centro de pensamiento, innovaci\u00f3n y desarrollo empresarial, que tiene como meta, acompa\u00f1ar a las ciudades en su camino hacia la transformaci\u00f3n digital y en este proceso, entendemos la importancia de dejar capacidad instalada no s\u00f3lo en las empresas, sino tambi\u00e9n en cada uno de los diversos sectores econ\u00f3micos y en cada uno de los ciudadanos, por tal motivo, hemos creado un Centro de Formaci\u00f3n Cidti 4.0, que tiene como meta, dise\u00f1ar diversos procesos de formaci\u00f3n para la comunidad en general, que les brinde el conocimiento necesario para dar sus primeros pasos hacia la transformaci\u00f3n digital.<br \/>\n&#8221; font_container=&#8221;tag:div|text_align:justify&#8221; google_fonts=&#8221;font_family:Roboto%20Condensed%3A300%2C300italic%2Cregular%2Citalic%2C700%2C700italic|font_style:400%20regular%3A400%3Anormal&#8221; css_animation=&#8221;bounceIn&#8221;][\/vc_column][\/vc_row][vc_row css=&#8221;.vc_custom_1590175145500{margin-top: 15px !important;}&#8221;][vc_column css_animation=&#8221;bounceIn&#8221;][vc_custom_heading text=&#8221;Los cursos est\u00e1n segmentados acorde al p\u00fablico y los diversos ejes tem\u00e1ticos que se lideran desde el Cidti 4.0 y adem\u00e1s, contamos con diversas modalidades, desde cursos cortos, hasta diplomados. Tambi\u00e9n podr\u00e1n acceder a ellos de forma gratuita, o pagar el certificado que tendr\u00e1 validez en tu curriculum profesional.&#8221; font_container=&#8221;tag:div|text_align:justify&#8221; google_fonts=&#8221;font_family:Roboto%20Condensed%3A300%2C300italic%2Cregular%2Citalic%2C700%2C700italic|font_style:400%20regular%3A400%3Anormal&#8221; css_animation=&#8221;bounceIn&#8221;][\/vc_column][\/vc_row][vc_row css=&#8221;.vc_custom_1590175628321{margin-bottom: 0px !important;}&#8221;][vc_column width=&#8221;1\/2&#8243; css=&#8221;.vc_custom_1590181226205{margin-top: 15px !important;}&#8221; offset=&#8221;vc_hidden-md vc_hidden-sm vc_hidden-xs&#8221;][vc_single_image image=&#8221;861&#8243; img_size=&#8221;full&#8221; css_animation=&#8221;fadeInLeft&#8221;][\/vc_column][vc_column width=&#8221;1\/2&#8243; offset=&#8221;vc_hidden-md vc_hidden-sm vc_hidden-xs&#8221;][vc_empty_space height=&#8221;50px&#8221;][vc_custom_heading text=&#8221;<b>+<\/b> Curso corto<br \/>\n<b>+<\/b> Seminario<br \/>\n<b>+<\/b> Diplomado<br \/>\n<b>+<\/b> Webinar&#8221; font_container=&#8221;tag:h4|text_align:center|color:%2333cccc&#8221; css_animation=&#8221;bounceIn&#8221;][vc_empty_space height=&#8221;50px&#8221;]<a href=\"http:\/\/cidti40.com\/contacto-mentalidad-y-cultura\/\" data-animation=\"animated fadeInUp normal\" class=\"sc_button sc_button_square sc_button_style_border sc_button_size_small aligncenter sc_popup_link\">info-mentalidadycultura@cidti40.com<\/a>[\/vc_column][\/vc_row][vc_row css=&#8221;.vc_custom_1590175628321{margin-bottom: 0px !important;}&#8221;][vc_column width=&#8221;1\/2&#8243; css=&#8221;.vc_custom_1590181291144{margin-top: 15px !important;}&#8221; offset=&#8221;vc_hidden-lg&#8221;][vc_custom_heading text=&#8221;<b>+<\/b> Curso corto<br \/>\n<b>+<\/b> Seminario<br \/>\n<b>+<\/b> Diplomado<br \/>\n<b>+<\/b> Webinar&#8221; font_container=&#8221;tag:h4|text_align:center|color:%2333cccc&#8221; css_animation=&#8221;bounceIn&#8221;][vc_empty_space height=&#8221;50px&#8221;][\/vc_column][vc_column width=&#8221;1\/2&#8243; offset=&#8221;vc_hidden-lg&#8221;][vc_single_image image=&#8221;861&#8243; img_size=&#8221;full&#8221; css_animation=&#8221;fadeInRight&#8221;]<a href=\"http:\/\/cidti40.com\/contacto-mentalidad-y-cultura\/\" data-animation=\"animated fadeInUp normal\" class=\"sc_button sc_button_square sc_button_style_border sc_button_size_small aligncenter sc_popup_link\">info-mentalidadycultura@cidti40.com<\/a>[\/vc_column][\/vc_row][vc_row full_width=&#8221;stretch_row_content&#8221;][vc_column][vc_images_carousel images=&#8221;749,715,738,1005,739,1008,815,725&#8243; img_size=&#8221;full&#8221; onclick=&#8221;link_no&#8221; speed=&#8221;4500&#8243; slides_per_view=&#8221;4&#8243; autoplay=&#8221;yes&#8221; hide_pagination_control=&#8221;yes&#8221; hide_prev_next_buttons=&#8221;yes&#8221; partial_view=&#8221;yes&#8221; wrap=&#8221;yes&#8221; css_animation=&#8221;slideInUp&#8221;][\/vc_column][\/vc_row]<\/p>\n<\/div>","protected":false},"excerpt":{"rendered":"<p>[vc_row][vc_column css=&#8221;.vc_custom_1590176753733{margin-bottom: 15px !important;}&#8221;][vc_custom_heading text=&#8221;Centro de Formaci\u00f3n CIDTI&#8221; font_container=&#8221;tag:h1|text_align:center|color:%2333cccc&#8221; google_fonts=&#8221;font_family:Roboto%20Condensed%3A300%2C300italic%2Cregular%2Citalic%2C700%2C700italic|font_style:700%20bold%20regular%3A700%3Anormal&#8221; css_animation=&#8221;bounceIn&#8221;][vc_single_image image=&#8221;854&#8243; img_size=&#8221;full&#8221; alignment=&#8221;center&#8221; css_animation=&#8221;fadeInUp&#8221; css=&#8221;.vc_custom_1591761433186{margin-top: 15px !important;}&#8221;][\/vc_column][\/vc_row][vc_row css=&#8221;.vc_custom_1590180605294{margin-top: 5px !important;}&#8221;][vc_column][vc_custom_heading text=&#8221;El Cidti 4.0 se convierte en un centro de pensamiento, innovaci\u00f3n y desarrollo empresarial, que tiene como meta, acompa\u00f1ar a las ciudades en su camino hacia la transformaci\u00f3n digital y en este proceso, entendemos [&hellip;]<\/p>\n","protected":false},"author":1,"featured_media":0,"parent":0,"menu_order":0,"comment_status":"closed","ping_status":"closed","template":"","meta":{"footnotes":""},"yoast_head":"<!-- This site is optimized with the Yoast SEO plugin v24.5 - https:\/\/yoast.com\/wordpress\/plugins\/seo\/ -->\n<title>Centro de Formaci\u00f3n CIDTI - CIDTI 4.0<\/title>\n<meta name=\"robots\" content=\"index, follow, max-snippet:-1, max-image-preview:large, max-video-preview:-1\" \/>\n<link rel=\"canonical\" href=\"https:\/\/cidti.com.co\/cidti40\/centro-de-formacion-cidti\/\" \/>\n<meta property=\"og:locale\" content=\"es_ES\" \/>\n<meta property=\"og:type\" content=\"article\" \/>\n<meta property=\"og:title\" content=\"Centro de Formaci\u00f3n CIDTI - CIDTI 4.0\" \/>\n<meta property=\"og:description\" content=\"[vc_row][vc_column css=&#8221;.vc_custom_1590176753733{margin-bottom: 15px !important;}&#8221;][vc_custom_heading text=&#8221;Centro de Formaci\u00f3n CIDTI&#8221; font_container=&#8221;tag:h1|text_align:center|color:%2333cccc&#8221; google_fonts=&#8221;font_family:Roboto%20Condensed%3A300%2C300italic%2Cregular%2Citalic%2C700%2C700italic|font_style:700%20bold%20regular%3A700%3Anormal&#8221; css_animation=&#8221;bounceIn&#8221;][vc_single_image image=&#8221;854&#8243; img_size=&#8221;full&#8221; alignment=&#8221;center&#8221; css_animation=&#8221;fadeInUp&#8221; css=&#8221;.vc_custom_1591761433186{margin-top: 15px !important;}&#8221;][\/vc_column][\/vc_row][vc_row css=&#8221;.vc_custom_1590180605294{margin-top: 5px !important;}&#8221;][vc_column][vc_custom_heading text=&#8221;El Cidti 4.0 se convierte en un centro de pensamiento, innovaci\u00f3n y desarrollo empresarial, que tiene como meta, acompa\u00f1ar a las ciudades en su camino hacia la transformaci\u00f3n digital y en este proceso, entendemos [&hellip;]\" \/>\n<meta property=\"og:url\" content=\"https:\/\/cidti.com.co\/cidti40\/centro-de-formacion-cidti\/\" \/>\n<meta property=\"og:site_name\" content=\"CIDTI 4.0\" \/>\n<meta property=\"article:publisher\" content=\"https:\/\/www.facebook.com\/CIDTI40\" \/>\n<meta property=\"article:modified_time\" content=\"2020-07-24T16:33:13+00:00\" \/>\n<meta name=\"twitter:card\" content=\"summary_large_image\" \/>\n<meta name=\"twitter:label1\" content=\"Tiempo de lectura\" \/>\n\t<meta name=\"twitter:data1\" content=\"3 minutos\" \/>\n<script type=\"application\/ld+json\" class=\"yoast-schema-graph\">{\"@context\":\"https:\/\/schema.org\",\"@graph\":[{\"@type\":\"WebPage\",\"@id\":\"https:\/\/cidti.com.co\/cidti40\/centro-de-formacion-cidti\/\",\"url\":\"https:\/\/cidti.com.co\/cidti40\/centro-de-formacion-cidti\/\",\"name\":\"Centro de Formaci\u00f3n CIDTI - CIDTI 4.0\",\"isPartOf\":{\"@id\":\"https:\/\/cidti.com.co\/cidti40\/#website\"},\"datePublished\":\"2020-05-22T19:13:18+00:00\",\"dateModified\":\"2020-07-24T16:33:13+00:00\",\"breadcrumb\":{\"@id\":\"https:\/\/cidti.com.co\/cidti40\/centro-de-formacion-cidti\/#breadcrumb\"},\"inLanguage\":\"es\",\"potentialAction\":[{\"@type\":\"ReadAction\",\"target\":[\"https:\/\/cidti.com.co\/cidti40\/centro-de-formacion-cidti\/\"]}]},{\"@type\":\"BreadcrumbList\",\"@id\":\"https:\/\/cidti.com.co\/cidti40\/centro-de-formacion-cidti\/#breadcrumb\",\"itemListElement\":[{\"@type\":\"ListItem\",\"position\":1,\"name\":\"Home\",\"item\":\"https:\/\/cidti.com.co\/cidti40\/\"},{\"@type\":\"ListItem\",\"position\":2,\"name\":\"Centro de Formaci\u00f3n CIDTI\"}]},{\"@type\":\"WebSite\",\"@id\":\"https:\/\/cidti.com.co\/cidti40\/#website\",\"url\":\"https:\/\/cidti.com.co\/cidti40\/\",\"name\":\"CIDTI 40\",\"description\":\"\",\"publisher\":{\"@id\":\"https:\/\/cidti.com.co\/cidti40\/#organization\"},\"potentialAction\":[{\"@type\":\"SearchAction\",\"target\":{\"@type\":\"EntryPoint\",\"urlTemplate\":\"https:\/\/cidti.com.co\/cidti40\/?s={search_term_string}\"},\"query-input\":{\"@type\":\"PropertyValueSpecification\",\"valueRequired\":true,\"valueName\":\"search_term_string\"}}],\"inLanguage\":\"es\"},{\"@type\":\"Organization\",\"@id\":\"https:\/\/cidti.com.co\/cidti40\/#organization\",\"name\":\"CIDTI 4.0\",\"url\":\"https:\/\/cidti.com.co\/cidti40\/\",\"logo\":{\"@type\":\"ImageObject\",\"inLanguage\":\"es\",\"@id\":\"https:\/\/cidti.com.co\/cidti40\/#\/schema\/logo\/image\/\",\"url\":\"https:\/\/cidti40.com\/wp-content\/uploads\/2020\/05\/FAVICON_CIDTI-1.png\",\"contentUrl\":\"https:\/\/cidti40.com\/wp-content\/uploads\/2020\/05\/FAVICON_CIDTI-1.png\",\"width\":1067,\"height\":1067,\"caption\":\"CIDTI 4.0\"},\"image\":{\"@id\":\"https:\/\/cidti.com.co\/cidti40\/#\/schema\/logo\/image\/\"},\"sameAs\":[\"https:\/\/www.facebook.com\/CIDTI40\",\"https:\/\/www.instagram.com\/cidti40\/\",\"https:\/\/www.linkedin.com\/in\/comunicaciones-cidti\/\",\"https:\/\/www.youtube.com\/channel\/UC5JgvJy7YXifAYLqepgNcvg\/\"]}]}<\/script>\n<!-- \/ Yoast SEO plugin. -->","yoast_head_json":{"title":"Centro de Formaci\u00f3n CIDTI - CIDTI 4.0","robots":{"index":"index","follow":"follow","max-snippet":"max-snippet:-1","max-image-preview":"max-image-preview:large","max-video-preview":"max-video-preview:-1"},"canonical":"https:\/\/cidti.com.co\/cidti40\/centro-de-formacion-cidti\/","og_locale":"es_ES","og_type":"article","og_title":"Centro de Formaci\u00f3n CIDTI - CIDTI 4.0","og_description":"[vc_row][vc_column css=&#8221;.vc_custom_1590176753733{margin-bottom: 15px !important;}&#8221;][vc_custom_heading text=&#8221;Centro de Formaci\u00f3n CIDTI&#8221; font_container=&#8221;tag:h1|text_align:center|color:%2333cccc&#8221; google_fonts=&#8221;font_family:Roboto%20Condensed%3A300%2C300italic%2Cregular%2Citalic%2C700%2C700italic|font_style:700%20bold%20regular%3A700%3Anormal&#8221; css_animation=&#8221;bounceIn&#8221;][vc_single_image image=&#8221;854&#8243; img_size=&#8221;full&#8221; alignment=&#8221;center&#8221; css_animation=&#8221;fadeInUp&#8221; css=&#8221;.vc_custom_1591761433186{margin-top: 15px !important;}&#8221;][\/vc_column][\/vc_row][vc_row css=&#8221;.vc_custom_1590180605294{margin-top: 5px !important;}&#8221;][vc_column][vc_custom_heading text=&#8221;El Cidti 4.0 se convierte en un centro de pensamiento, innovaci\u00f3n y desarrollo empresarial, que tiene como meta, acompa\u00f1ar a las ciudades en su camino hacia la transformaci\u00f3n digital y en este proceso, entendemos [&hellip;]","og_url":"https:\/\/cidti.com.co\/cidti40\/centro-de-formacion-cidti\/","og_site_name":"CIDTI 4.0","article_publisher":"https:\/\/www.facebook.com\/CIDTI40","article_modified_time":"2020-07-24T16:33:13+00:00","twitter_card":"summary_large_image","twitter_misc":{"Tiempo de lectura":"3 minutos"},"schema":{"@context":"https:\/\/schema.org","@graph":[{"@type":"WebPage","@id":"https:\/\/cidti.com.co\/cidti40\/centro-de-formacion-cidti\/","url":"https:\/\/cidti.com.co\/cidti40\/centro-de-formacion-cidti\/","name":"Centro de Formaci\u00f3n CIDTI - CIDTI 4.0","isPartOf":{"@id":"https:\/\/cidti.com.co\/cidti40\/#website"},"datePublished":"2020-05-22T19:13:18+00:00","dateModified":"2020-07-24T16:33:13+00:00","breadcrumb":{"@id":"https:\/\/cidti.com.co\/cidti40\/centro-de-formacion-cidti\/#breadcrumb"},"inLanguage":"es","potentialAction":[{"@type":"ReadAction","target":["https:\/\/cidti.com.co\/cidti40\/centro-de-formacion-cidti\/"]}]},{"@type":"BreadcrumbList","@id":"https:\/\/cidti.com.co\/cidti40\/centro-de-formacion-cidti\/#breadcrumb","itemListElement":[{"@type":"ListItem","position":1,"name":"Home","item":"https:\/\/cidti.com.co\/cidti40\/"},{"@type":"ListItem","position":2,"name":"Centro de Formaci\u00f3n CIDTI"}]},{"@type":"WebSite","@id":"https:\/\/cidti.com.co\/cidti40\/#website","url":"https:\/\/cidti.com.co\/cidti40\/","name":"CIDTI 40","description":"","publisher":{"@id":"https:\/\/cidti.com.co\/cidti40\/#organization"},"potentialAction":[{"@type":"SearchAction","target":{"@type":"EntryPoint","urlTemplate":"https:\/\/cidti.com.co\/cidti40\/?s={search_term_string}"},"query-input":{"@type":"PropertyValueSpecification","valueRequired":true,"valueName":"search_term_string"}}],"inLanguage":"es"},{"@type":"Organization","@id":"https:\/\/cidti.com.co\/cidti40\/#organization","name":"CIDTI 4.0","url":"https:\/\/cidti.com.co\/cidti40\/","logo":{"@type":"ImageObject","inLanguage":"es","@id":"https:\/\/cidti.com.co\/cidti40\/#\/schema\/logo\/image\/","url":"https:\/\/cidti40.com\/wp-content\/uploads\/2020\/05\/FAVICON_CIDTI-1.png","contentUrl":"https:\/\/cidti40.com\/wp-content\/uploads\/2020\/05\/FAVICON_CIDTI-1.png","width":1067,"height":1067,"caption":"CIDTI 4.0"},"image":{"@id":"https:\/\/cidti.com.co\/cidti40\/#\/schema\/logo\/image\/"},"sameAs":["https:\/\/www.facebook.com\/CIDTI40","https:\/\/www.instagram.com\/cidti40\/","https:\/\/www.linkedin.com\/in\/comunicaciones-cidti\/","https:\/\/www.youtube.com\/channel\/UC5JgvJy7YXifAYLqepgNcvg\/"]}]}},"_links":{"self":[{"href":"https:\/\/cidti.com.co\/cidti40\/wp-json\/wp\/v2\/pages\/843"}],"collection":[{"href":"https:\/\/cidti.com.co\/cidti40\/wp-json\/wp\/v2\/pages"}],"about":[{"href":"https:\/\/cidti.com.co\/cidti40\/wp-json\/wp\/v2\/types\/page"}],"author":[{"embeddable":true,"href":"https:\/\/cidti.com.co\/cidti40\/wp-json\/wp\/v2\/users\/1"}],"replies":[{"embeddable":true,"href":"https:\/\/cidti.com.co\/cidti40\/wp-json\/wp\/v2\/comments?post=843"}],"version-history":[{"count":25,"href":"https:\/\/cidti.com.co\/cidti40\/wp-json\/wp\/v2\/pages\/843\/revisions"}],"predecessor-version":[{"id":1476,"href":"https:\/\/cidti.com.co\/cidti40\/wp-json\/wp\/v2\/pages\/843\/revisions\/1476"}],"wp:attachment":[{"href":"https:\/\/cidti.com.co\/cidti40\/wp-json\/wp\/v2\/media?parent=843"}],"curies":[{"name":"wp","href":"https:\/\/api.w.org\/{rel}","templated":true}]}}