{"id":887,"date":"2020-06-09T17:39:49","date_gmt":"2020-06-09T22:39:49","guid":{"rendered":"http:\/\/cidti40.com\/?page_id=887"},"modified":"2020-12-14T16:15:39","modified_gmt":"2020-12-14T21:15:39","slug":"cidti-40","status":"publish","type":"page","link":"https:\/\/cidti.com.co\/cidti40\/cidti-40\/","title":{"rendered":"CIDTI 4.0"},"content":{"rendered":"<div class=\"wpb-content-wrapper\"><p>[vc_row css=&#8221;.vc_custom_1591745705843{margin-top: 30px !important;margin-bottom: 10px !important;}&#8221;][vc_column][vc_custom_heading text=&#8221;CIDTI 4.0&#8243; font_container=&#8221;tag:h1|text_align:center|color:%2333cccc&#8221; google_fonts=&#8221;font_family:Roboto%20Condensed%3A300%2C300italic%2Cregular%2Citalic%2C700%2C700italic|font_style:700%20bold%20regular%3A700%3Anormal&#8221; css_animation=&#8221;flipInY&#8221;][\/vc_column][\/vc_row][vc_row css=&#8221;.vc_custom_1591745894514{margin-bottom: 45px !important;}&#8221;][vc_column][vc_single_image image=&#8221;957&#8243; img_size=&#8221;full&#8221; alignment=&#8221;center&#8221; css_animation=&#8221;bounceIn&#8221;][\/vc_column][\/vc_row][vc_row css=&#8221;.vc_custom_1591763921185{margin-top: 15px !important;margin-bottom: 0px !important;}&#8221;][vc_column width=&#8221;1\/2&#8243;][vc_single_image image=&#8221;1668&#8243; img_size=&#8221;full&#8221; alignment=&#8221;center&#8221;][\/vc_column][vc_column width=&#8221;1\/2&#8243;][vc_empty_space][vc_custom_heading text=&#8221;Somos un centro de pensamiento y desarrollo tecnol\u00f3gico que promueve el fortalecimiento de territorios inteligentes, a trav\u00e9s de la transformaci\u00f3n digital de las empresas, los gobiernos, la academia y las ciudades.<br \/>\n<\/br><\/p>\n<p>En el Cidti 4.0 ayudamos a elevar la producci\u00f3n cient\u00edfica, el desarrollo de nuevos productos y servicios en el sector empresarial a nivel de innovaci\u00f3n colaborativa, mejorando los \u00edndices de transformaci\u00f3n digital y facilitando el desarrollo de la industria 4.0. El Cidti 4.0 fortalece el Ecosistema de Innovaci\u00f3n Digital del Valle del Cauca y movilizar\u00e1 la transformaci\u00f3n digital del tejido empresarial de la regi\u00f3n y del pa\u00eds.<br \/>\n<\/br><\/p>\n<p>Generamos conocimiento a partir de nuevas investigaciones, l\u00edneas de acci\u00f3n empresariales, programas de formaci\u00f3n, articulaci\u00f3n de actores, desarrollos y adaptaciones del modelo de transformaci\u00f3n digital e innovaci\u00f3n colaborativa, entre otras que estimulan la competitividad del Valle del Cauca y el pa\u00eds.&#8221; font_container=&#8221;tag:div|text_align:justify&#8221; google_fonts=&#8221;font_family:Roboto%20Condensed%3A300%2C300italic%2Cregular%2Citalic%2C700%2C700italic|font_style:400%20regular%3A400%3Anormal&#8221;][\/vc_column][\/vc_row][vc_row css=&#8221;.vc_custom_1591765022710{margin-top: 5px !important;margin-bottom: 0px !important;}&#8221;][vc_column width=&#8221;1\/2&#8243;][vc_custom_heading text=&#8221;<b>Objetivos del CIDTI 4.0<\/b>&#8221; font_container=&#8221;tag:h3|text_align:left|color:%2333cccc&#8221; google_fonts=&#8221;font_family:Roboto%20Condensed%3A300%2C300italic%2Cregular%2Citalic%2C700%2C700italic|font_style:400%20regular%3A400%3Anormal&#8221; css=&#8221;.vc_custom_1594477155936{margin-top: 15px !important;margin-bottom: 10px !important;}&#8221;][vc_custom_heading text=&#8221;<b>+<\/b> Fomentamos la transformaci\u00f3n digital del sentido empresarial y el sector p\u00fablico del Valle del Cauca, incorporando las tecnolog\u00edas de la industria 4.0 en sus procesos productivos, bienes y servicios.<\/BR><br \/>\n<b>+<\/b> Facilitamos el acceso a servicios tecnol\u00f3gicos que integran t\u00e9cnicas avanzadas de producci\u00f3n y operaciones con tecnolog\u00edas inteligentes, que les permitan a las firmas de la regi\u00f3n convertirse en empresas de clase y talla mundial.<\/BR><br \/>\n<b>+<\/b> Promovemos una red de laboratorios en todo el territorio vallecaucano, disponibles para el desarrollo y prueba de nuevos procesos, productos y\/o servicios que emplean tecnolog\u00edas de la industria 4.0 resultantes del trabajo del tejido empresarial y\/o articulaci\u00f3n de la universidad &#8211; Estado \u2013 empresa \u2013 sociedad.<\/BR><\/p>\n<p><b>+<\/b> Generamos capacidades especializadas en el talento humano del departamento del Valle, que promuevan la innovaci\u00f3n, la transformaci\u00f3n digital y la adopci\u00f3n proactiva de la industria 4.0.<\/BR><\/p>\n<p><b>+<\/b> Impulsamos la cooperaci\u00f3n internacional para la adopci\u00f3n de la industria 4.0 en el tejido empresarial del departamento del Valle del Cauca.&#8221; font_container=&#8221;tag:div|text_align:justify&#8221; google_fonts=&#8221;font_family:Roboto%20Condensed%3A300%2C300italic%2Cregular%2Citalic%2C700%2C700italic|font_style:400%20regular%3A400%3Anormal&#8221; css_animation=&#8221;fadeInRight&#8221;][\/vc_column][vc_column width=&#8221;1\/2&#8243;][vc_empty_space height=&#8221;60px&#8221;][vc_single_image image=&#8221;956&#8243; img_size=&#8221;full&#8221;][\/vc_column][\/vc_row][vc_row css=&#8221;.vc_custom_1591764749452{margin-top: 35px !important;}&#8221;][vc_column width=&#8221;1\/2&#8243; offset=&#8221;vc_hidden-md vc_hidden-sm vc_hidden-xs&#8221;][vc_single_image image=&#8221;954&#8243; img_size=&#8221;full&#8221;][\/vc_column][vc_column width=&#8221;1\/2&#8243; offset=&#8221;vc_hidden-md vc_hidden-sm vc_hidden-xs&#8221;][vc_custom_heading text=&#8221;<b>Nuestra Historia<\/b>&#8221; font_container=&#8221;tag:h3|text_align:left|color:%2333cccc&#8221; google_fonts=&#8221;font_family:Roboto%20Condensed%3A300%2C300italic%2Cregular%2Citalic%2C700%2C700italic|font_style:400%20regular%3A400%3Anormal&#8221;][vc_custom_heading text=&#8221;Teniendo en cuenta los lineamientos generales de la pol\u00edtica de gobierno digital para Colombia, que promueve las acciones para el acceso a las TIC y el financiamiento de planes, programas y proyectos para introducirnos a la transformaci\u00f3n digital; el departamento del Valle del Cauca, cre\u00f3 la estrategia \u201cValle: Territorio Inteligente e Innovador\u201d, incluida dentro del plan del gobierno, y liderada por la Secretar\u00eda de las TIC, que promueve alianzas entre los diferentes actores que componen el ecosistema de innovaci\u00f3n digital y aliados internacionales para impactar no solo a las empresas y actores involucrados en cada una de las actividades realizables, sino, que se hace extensible el conocimiento, permitiendo al Valle del Cauca ser l\u00edder y propagador de buenas pr\u00e1cticas y casos de \u00e9xito del sector empresarial en la inserci\u00f3n del movimiento de la transformaci\u00f3n digital y la industria 4.0.&#8221; font_container=&#8221;tag:div|text_align:justify&#8221; google_fonts=&#8221;font_family:Roboto%20Condensed%3A300%2C300italic%2Cregular%2Citalic%2C700%2C700italic|font_style:400%20regular%3A400%3Anormal&#8221; css_animation=&#8221;fadeInUpBig&#8221; css=&#8221;.vc_custom_1595606060248{margin-top: 15px !important;}&#8221;][\/vc_column][\/vc_row][vc_row css=&#8221;.vc_custom_1591764749452{margin-top: 35px !important;}&#8221;][vc_column width=&#8221;1\/2&#8243; offset=&#8221;vc_hidden-lg&#8221;][vc_custom_heading text=&#8221;<b>Nuestra Historia<\/b>&#8221; font_container=&#8221;tag:h3|text_align:left|color:%2333cccc&#8221; google_fonts=&#8221;font_family:Roboto%20Condensed%3A300%2C300italic%2Cregular%2Citalic%2C700%2C700italic|font_style:400%20regular%3A400%3Anormal&#8221;][vc_custom_heading text=&#8221;Teniendo en cuenta los lineamientos generales de la pol\u00edtica de gobierno digital para Colombia, que promueve las acciones para el acceso a las TIC y el financiamiento de planes, programas y proyectos para introducirnos a la transformaci\u00f3n digital; el departamento del Valle del Cauca, cre\u00f3 la estrategia \u201cValle: Territorio Inteligente e Innovador\u201d, incluida dentro del plan del gobierno, y liderada por la Secretar\u00eda de las TIC, que promueve alianzas entre los diferentes actores que componen el ecosistema de innovaci\u00f3n digital y aliados internacionales para impactar no solo a las empresas y actores involucrados en cada una de las actividades realizables, sino, que se hace extensible el conocimiento, permitiendo al Valle del Cauca ser l\u00edder y propagador de buenas pr\u00e1cticas y casos de \u00e9xito del sector empresarial en la inserci\u00f3n del movimiento de la transformaci\u00f3n digital y la industria 4.0.&#8221; font_container=&#8221;tag:div|text_align:justify&#8221; google_fonts=&#8221;font_family:Roboto%20Condensed%3A300%2C300italic%2Cregular%2Citalic%2C700%2C700italic|font_style:400%20regular%3A400%3Anormal&#8221; css_animation=&#8221;fadeInUpBig&#8221; css=&#8221;.vc_custom_1595606075636{margin-top: 15px !important;}&#8221;][\/vc_column][vc_column width=&#8221;1\/2&#8243; offset=&#8221;vc_hidden-lg&#8221;][vc_single_image image=&#8221;954&#8243; img_size=&#8221;full&#8221;][\/vc_column][\/vc_row][vc_row css=&#8221;.vc_custom_1591765187967{margin-top: 15px !important;margin-bottom: 15px !important;}&#8221;][vc_column][vc_custom_heading text=&#8221;En este camino, de generar espacios para fomentar la transformaci\u00f3n digital en el tejido empresarial a trav\u00e9s de infraestructura de \u00faltima generaci\u00f3n para la regi\u00f3n, la Gobernaci\u00f3n del Valle del Cauca, mediante Resoluci\u00f3n N\u00famero 166 (del 3 de diciembre de 2018) cre\u00f3 el Centro de Desarrollo Tecnol\u00f3gico para la Transformaci\u00f3n Digital y la Industria 4.0 como estrategia para fortalecer el Ecosistema de Innovaci\u00f3n Digital del Valle del Cauca, fomentar la demanda de producto de la Industria de TI de la regi\u00f3n. Actualmente estamos en ejecuci\u00f3n del proyecto de fortalecimiento del centro el cual obtuvo sus recursos a trav\u00e9s del Sistema General de Regal\u00edas .&#8221; font_container=&#8221;tag:div|text_align:justify&#8221; google_fonts=&#8221;font_family:Roboto%20Condensed%3A300%2C300italic%2Cregular%2Citalic%2C700%2C700italic|font_style:400%20regular%3A400%3Anormal&#8221; css_animation=&#8221;fadeInUpBig&#8221;][\/vc_column][\/vc_row][vc_row][vc_column width=&#8221;1\/2&#8243;][vc_single_image image=&#8221;955&#8243; img_size=&#8221;full&#8221;][\/vc_column][vc_column width=&#8221;1\/2&#8243;][vc_custom_heading text=&#8221;El Cidti 4.0 fortalece el Ecosistema de Innovaci\u00f3n Digital del Valle del Cauca y movilizar\u00e1 la transformaci\u00f3n digital del tejido empresarial de la regi\u00f3n y del pa\u00eds, de cara al aumento de los campos de acci\u00f3n de las empresas, su sofisticaci\u00f3n, diferenciaci\u00f3n y su competitividad, estimulando la especializaci\u00f3n del recurso humano que despliega actividades especializadas, el desarrollo de esquemas sostenibles de innovaci\u00f3n colaborativa en las empresas del sector y el aumento de las tasas de licenciamiento y transferencia de tecnolog\u00edas 4.0 en los sectores tradicionales, para la reducci\u00f3n de vulnerabilidades del Ecosistema de Innovaci\u00f3n Digital del Valle del Cauca.&#8221; font_container=&#8221;tag:div|text_align:justify&#8221; google_fonts=&#8221;font_family:Roboto%20Condensed%3A300%2C300italic%2Cregular%2Citalic%2C700%2C700italic|font_style:400%20regular%3A400%3Anormal&#8221; css_animation=&#8221;fadeInUpBig&#8221;][\/vc_column][\/vc_row]<\/p>\n<\/div>","protected":false},"excerpt":{"rendered":"<p>[vc_row css=&#8221;.vc_custom_1591745705843{margin-top: 30px !important;margin-bottom: 10px !important;}&#8221;][vc_column][vc_custom_heading text=&#8221;CIDTI 4.0&#8243; font_container=&#8221;tag:h1|text_align:center|color:%2333cccc&#8221; google_fonts=&#8221;font_family:Roboto%20Condensed%3A300%2C300italic%2Cregular%2Citalic%2C700%2C700italic|font_style:700%20bold%20regular%3A700%3Anormal&#8221; css_animation=&#8221;flipInY&#8221;][\/vc_column][\/vc_row][vc_row css=&#8221;.vc_custom_1591745894514{margin-bottom: 45px !important;}&#8221;][vc_column][vc_single_image image=&#8221;957&#8243; img_size=&#8221;full&#8221; alignment=&#8221;center&#8221; css_animation=&#8221;bounceIn&#8221;][\/vc_column][\/vc_row][vc_row css=&#8221;.vc_custom_1591763921185{margin-top: 15px !important;margin-bottom: 0px !important;}&#8221;][vc_column width=&#8221;1\/2&#8243;][vc_single_image image=&#8221;1668&#8243; img_size=&#8221;full&#8221; alignment=&#8221;center&#8221;][\/vc_column][vc_column width=&#8221;1\/2&#8243;][vc_empty_space][vc_custom_heading text=&#8221;Somos un centro de pensamiento y desarrollo tecnol\u00f3gico que promueve el fortalecimiento de territorios inteligentes, a trav\u00e9s de la transformaci\u00f3n digital de las empresas, los gobiernos, la [&hellip;]<\/p>\n","protected":false},"author":1,"featured_media":0,"parent":0,"menu_order":0,"comment_status":"closed","ping_status":"closed","template":"","meta":{"footnotes":""},"yoast_head":"<!-- This site is optimized with the Yoast SEO plugin v24.5 - https:\/\/yoast.com\/wordpress\/plugins\/seo\/ -->\n<title>CIDTI 4.0 - CIDTI 4.0<\/title>\n<meta name=\"robots\" content=\"index, follow, max-snippet:-1, max-image-preview:large, max-video-preview:-1\" \/>\n<link rel=\"canonical\" href=\"https:\/\/cidti.com.co\/cidti40\/cidti-40\/\" \/>\n<meta property=\"og:locale\" content=\"es_ES\" \/>\n<meta property=\"og:type\" content=\"article\" \/>\n<meta property=\"og:title\" content=\"CIDTI 4.0 - CIDTI 4.0\" \/>\n<meta property=\"og:description\" content=\"[vc_row css=&#8221;.vc_custom_1591745705843{margin-top: 30px !important;margin-bottom: 10px !important;}&#8221;][vc_column][vc_custom_heading text=&#8221;CIDTI 4.0&#8243; font_container=&#8221;tag:h1|text_align:center|color:%2333cccc&#8221; google_fonts=&#8221;font_family:Roboto%20Condensed%3A300%2C300italic%2Cregular%2Citalic%2C700%2C700italic|font_style:700%20bold%20regular%3A700%3Anormal&#8221; css_animation=&#8221;flipInY&#8221;][\/vc_column][\/vc_row][vc_row css=&#8221;.vc_custom_1591745894514{margin-bottom: 45px !important;}&#8221;][vc_column][vc_single_image image=&#8221;957&#8243; img_size=&#8221;full&#8221; alignment=&#8221;center&#8221; css_animation=&#8221;bounceIn&#8221;][\/vc_column][\/vc_row][vc_row css=&#8221;.vc_custom_1591763921185{margin-top: 15px !important;margin-bottom: 0px !important;}&#8221;][vc_column width=&#8221;1\/2&#8243;][vc_single_image image=&#8221;1668&#8243; img_size=&#8221;full&#8221; alignment=&#8221;center&#8221;][\/vc_column][vc_column width=&#8221;1\/2&#8243;][vc_empty_space][vc_custom_heading text=&#8221;Somos un centro de pensamiento y desarrollo tecnol\u00f3gico que promueve el fortalecimiento de territorios inteligentes, a trav\u00e9s de la transformaci\u00f3n digital de las empresas, los gobiernos, la [&hellip;]\" \/>\n<meta property=\"og:url\" content=\"https:\/\/cidti.com.co\/cidti40\/cidti-40\/\" \/>\n<meta property=\"og:site_name\" content=\"CIDTI 4.0\" \/>\n<meta property=\"article:publisher\" content=\"https:\/\/www.facebook.com\/CIDTI40\" \/>\n<meta property=\"article:modified_time\" content=\"2020-12-14T21:15:39+00:00\" \/>\n<meta name=\"twitter:card\" content=\"summary_large_image\" \/>\n<meta name=\"twitter:label1\" content=\"Tiempo de lectura\" \/>\n\t<meta name=\"twitter:data1\" content=\"7 minutos\" \/>\n<script type=\"application\/ld+json\" class=\"yoast-schema-graph\">{\"@context\":\"https:\/\/schema.org\",\"@graph\":[{\"@type\":\"WebPage\",\"@id\":\"https:\/\/cidti.com.co\/cidti40\/cidti-40\/\",\"url\":\"https:\/\/cidti.com.co\/cidti40\/cidti-40\/\",\"name\":\"CIDTI 4.0 - CIDTI 4.0\",\"isPartOf\":{\"@id\":\"https:\/\/cidti.com.co\/cidti40\/#website\"},\"datePublished\":\"2020-06-09T22:39:49+00:00\",\"dateModified\":\"2020-12-14T21:15:39+00:00\",\"breadcrumb\":{\"@id\":\"https:\/\/cidti.com.co\/cidti40\/cidti-40\/#breadcrumb\"},\"inLanguage\":\"es\",\"potentialAction\":[{\"@type\":\"ReadAction\",\"target\":[\"https:\/\/cidti.com.co\/cidti40\/cidti-40\/\"]}]},{\"@type\":\"BreadcrumbList\",\"@id\":\"https:\/\/cidti.com.co\/cidti40\/cidti-40\/#breadcrumb\",\"itemListElement\":[{\"@type\":\"ListItem\",\"position\":1,\"name\":\"Home\",\"item\":\"https:\/\/cidti.com.co\/cidti40\/\"},{\"@type\":\"ListItem\",\"position\":2,\"name\":\"CIDTI 4.0\"}]},{\"@type\":\"WebSite\",\"@id\":\"https:\/\/cidti.com.co\/cidti40\/#website\",\"url\":\"https:\/\/cidti.com.co\/cidti40\/\",\"name\":\"CIDTI 40\",\"description\":\"\",\"publisher\":{\"@id\":\"https:\/\/cidti.com.co\/cidti40\/#organization\"},\"potentialAction\":[{\"@type\":\"SearchAction\",\"target\":{\"@type\":\"EntryPoint\",\"urlTemplate\":\"https:\/\/cidti.com.co\/cidti40\/?s={search_term_string}\"},\"query-input\":{\"@type\":\"PropertyValueSpecification\",\"valueRequired\":true,\"valueName\":\"search_term_string\"}}],\"inLanguage\":\"es\"},{\"@type\":\"Organization\",\"@id\":\"https:\/\/cidti.com.co\/cidti40\/#organization\",\"name\":\"CIDTI 4.0\",\"url\":\"https:\/\/cidti.com.co\/cidti40\/\",\"logo\":{\"@type\":\"ImageObject\",\"inLanguage\":\"es\",\"@id\":\"https:\/\/cidti.com.co\/cidti40\/#\/schema\/logo\/image\/\",\"url\":\"https:\/\/cidti40.com\/wp-content\/uploads\/2020\/05\/FAVICON_CIDTI-1.png\",\"contentUrl\":\"https:\/\/cidti40.com\/wp-content\/uploads\/2020\/05\/FAVICON_CIDTI-1.png\",\"width\":1067,\"height\":1067,\"caption\":\"CIDTI 4.0\"},\"image\":{\"@id\":\"https:\/\/cidti.com.co\/cidti40\/#\/schema\/logo\/image\/\"},\"sameAs\":[\"https:\/\/www.facebook.com\/CIDTI40\",\"https:\/\/www.instagram.com\/cidti40\/\",\"https:\/\/www.linkedin.com\/in\/comunicaciones-cidti\/\",\"https:\/\/www.youtube.com\/channel\/UC5JgvJy7YXifAYLqepgNcvg\/\"]}]}<\/script>\n<!-- \/ Yoast SEO plugin. -->","yoast_head_json":{"title":"CIDTI 4.0 - CIDTI 4.0","robots":{"index":"index","follow":"follow","max-snippet":"max-snippet:-1","max-image-preview":"max-image-preview:large","max-video-preview":"max-video-preview:-1"},"canonical":"https:\/\/cidti.com.co\/cidti40\/cidti-40\/","og_locale":"es_ES","og_type":"article","og_title":"CIDTI 4.0 - CIDTI 4.0","og_description":"[vc_row css=&#8221;.vc_custom_1591745705843{margin-top: 30px !important;margin-bottom: 10px !important;}&#8221;][vc_column][vc_custom_heading text=&#8221;CIDTI 4.0&#8243; font_container=&#8221;tag:h1|text_align:center|color:%2333cccc&#8221; google_fonts=&#8221;font_family:Roboto%20Condensed%3A300%2C300italic%2Cregular%2Citalic%2C700%2C700italic|font_style:700%20bold%20regular%3A700%3Anormal&#8221; css_animation=&#8221;flipInY&#8221;][\/vc_column][\/vc_row][vc_row css=&#8221;.vc_custom_1591745894514{margin-bottom: 45px !important;}&#8221;][vc_column][vc_single_image image=&#8221;957&#8243; img_size=&#8221;full&#8221; alignment=&#8221;center&#8221; css_animation=&#8221;bounceIn&#8221;][\/vc_column][\/vc_row][vc_row css=&#8221;.vc_custom_1591763921185{margin-top: 15px !important;margin-bottom: 0px !important;}&#8221;][vc_column width=&#8221;1\/2&#8243;][vc_single_image image=&#8221;1668&#8243; img_size=&#8221;full&#8221; alignment=&#8221;center&#8221;][\/vc_column][vc_column width=&#8221;1\/2&#8243;][vc_empty_space][vc_custom_heading text=&#8221;Somos un centro de pensamiento y desarrollo tecnol\u00f3gico que promueve el fortalecimiento de territorios inteligentes, a trav\u00e9s de la transformaci\u00f3n digital de las empresas, los gobiernos, la [&hellip;]","og_url":"https:\/\/cidti.com.co\/cidti40\/cidti-40\/","og_site_name":"CIDTI 4.0","article_publisher":"https:\/\/www.facebook.com\/CIDTI40","article_modified_time":"2020-12-14T21:15:39+00:00","twitter_card":"summary_large_image","twitter_misc":{"Tiempo de lectura":"7 minutos"},"schema":{"@context":"https:\/\/schema.org","@graph":[{"@type":"WebPage","@id":"https:\/\/cidti.com.co\/cidti40\/cidti-40\/","url":"https:\/\/cidti.com.co\/cidti40\/cidti-40\/","name":"CIDTI 4.0 - CIDTI 4.0","isPartOf":{"@id":"https:\/\/cidti.com.co\/cidti40\/#website"},"datePublished":"2020-06-09T22:39:49+00:00","dateModified":"2020-12-14T21:15:39+00:00","breadcrumb":{"@id":"https:\/\/cidti.com.co\/cidti40\/cidti-40\/#breadcrumb"},"inLanguage":"es","potentialAction":[{"@type":"ReadAction","target":["https:\/\/cidti.com.co\/cidti40\/cidti-40\/"]}]},{"@type":"BreadcrumbList","@id":"https:\/\/cidti.com.co\/cidti40\/cidti-40\/#breadcrumb","itemListElement":[{"@type":"ListItem","position":1,"name":"Home","item":"https:\/\/cidti.com.co\/cidti40\/"},{"@type":"ListItem","position":2,"name":"CIDTI 4.0"}]},{"@type":"WebSite","@id":"https:\/\/cidti.com.co\/cidti40\/#website","url":"https:\/\/cidti.com.co\/cidti40\/","name":"CIDTI 40","description":"","publisher":{"@id":"https:\/\/cidti.com.co\/cidti40\/#organization"},"potentialAction":[{"@type":"SearchAction","target":{"@type":"EntryPoint","urlTemplate":"https:\/\/cidti.com.co\/cidti40\/?s={search_term_string}"},"query-input":{"@type":"PropertyValueSpecification","valueRequired":true,"valueName":"search_term_string"}}],"inLanguage":"es"},{"@type":"Organization","@id":"https:\/\/cidti.com.co\/cidti40\/#organization","name":"CIDTI 4.0","url":"https:\/\/cidti.com.co\/cidti40\/","logo":{"@type":"ImageObject","inLanguage":"es","@id":"https:\/\/cidti.com.co\/cidti40\/#\/schema\/logo\/image\/","url":"https:\/\/cidti40.com\/wp-content\/uploads\/2020\/05\/FAVICON_CIDTI-1.png","contentUrl":"https:\/\/cidti40.com\/wp-content\/uploads\/2020\/05\/FAVICON_CIDTI-1.png","width":1067,"height":1067,"caption":"CIDTI 4.0"},"image":{"@id":"https:\/\/cidti.com.co\/cidti40\/#\/schema\/logo\/image\/"},"sameAs":["https:\/\/www.facebook.com\/CIDTI40","https:\/\/www.instagram.com\/cidti40\/","https:\/\/www.linkedin.com\/in\/comunicaciones-cidti\/","https:\/\/www.youtube.com\/channel\/UC5JgvJy7YXifAYLqepgNcvg\/"]}]}},"_links":{"self":[{"href":"https:\/\/cidti.com.co\/cidti40\/wp-json\/wp\/v2\/pages\/887"}],"collection":[{"href":"https:\/\/cidti.com.co\/cidti40\/wp-json\/wp\/v2\/pages"}],"about":[{"href":"https:\/\/cidti.com.co\/cidti40\/wp-json\/wp\/v2\/types\/page"}],"author":[{"embeddable":true,"href":"https:\/\/cidti.com.co\/cidti40\/wp-json\/wp\/v2\/users\/1"}],"replies":[{"embeddable":true,"href":"https:\/\/cidti.com.co\/cidti40\/wp-json\/wp\/v2\/comments?post=887"}],"version-history":[{"count":48,"href":"https:\/\/cidti.com.co\/cidti40\/wp-json\/wp\/v2\/pages\/887\/revisions"}],"predecessor-version":[{"id":2101,"href":"https:\/\/cidti.com.co\/cidti40\/wp-json\/wp\/v2\/pages\/887\/revisions\/2101"}],"wp:attachment":[{"href":"https:\/\/cidti.com.co\/cidti40\/wp-json\/wp\/v2\/media?parent=887"}],"curies":[{"name":"wp","href":"https:\/\/api.w.org\/{rel}","templated":true}]}}